{"id":952,"date":"2021-04-28T13:18:36","date_gmt":"2021-04-28T11:18:36","guid":{"rendered":"http:\/\/laclefdupermis.com\/?page_id=952"},"modified":"2023-08-01T14:00:14","modified_gmt":"2023-08-01T12:00:14","slug":"formation-am","status":"publish","type":"page","link":"https:\/\/laclefdupermis.com\/index.php\/formation-am\/","title":{"rendered":"Formation AM"},"content":{"rendered":"\t\t<div data-elementor-type=\"wp-page\" data-elementor-id=\"952\" class=\"elementor elementor-952\" data-elementor-settings=\"[]\">\n\t\t\t\t\t\t\t<div class=\"elementor-section-wrap\">\n\t\t\t\t\t\t\t<section class=\"elementor-section elementor-top-section elementor-element elementor-element-aa92d39 elementor-section-boxed elementor-section-height-default elementor-section-height-default\" data-id=\"aa92d39\" data-element_type=\"section\">\n\t\t\t\t\t\t<div class=\"elementor-container elementor-column-gap-default\">\n\t\t\t\t\t<div class=\"elementor-column elementor-col-100 elementor-top-column elementor-element elementor-element-eab79b5\" data-id=\"eab79b5\" data-element_type=\"column\">\n\t\t\t<div class=\"elementor-widget-wrap elementor-element-populated\">\n\t\t\t\t\t\t\t\t<div class=\"elementor-element elementor-element-c94e8b9 elementor-widget elementor-widget-heading\" data-id=\"c94e8b9\" data-element_type=\"widget\" data-widget_type=\"heading.default\">\n\t\t\t\t<div class=\"elementor-widget-container\">\n\t\t\t<h2 class=\"elementor-heading-title elementor-size-default\">Formation Th\u00e9orique<\/h2>\t\t<\/div>\n\t\t\t\t<\/div>\n\t\t\t\t\t<\/div>\n\t\t<\/div>\n\t\t\t\t\t\t\t<\/div>\n\t\t<\/section>\n\t\t\t\t<section class=\"elementor-section elementor-top-section elementor-element elementor-element-0e2c54d elementor-section-height-full elementor-section-boxed elementor-section-height-default elementor-section-items-middle\" data-id=\"0e2c54d\" data-element_type=\"section\" data-settings=\"{&quot;background_background&quot;:&quot;classic&quot;}\">\n\t\t\t\t\t\t\t<div class=\"elementor-background-overlay\"><\/div>\n\t\t\t\t\t\t\t<div class=\"elementor-container elementor-column-gap-default\">\n\t\t\t\t\t<div class=\"elementor-column elementor-col-100 elementor-top-column elementor-element elementor-element-ad3d7ed\" data-id=\"ad3d7ed\" data-element_type=\"column\">\n\t\t\t<div class=\"elementor-widget-wrap elementor-element-populated\">\n\t\t\t\t\t\t\t\t<section class=\"elementor-section elementor-inner-section elementor-element elementor-element-ca7d9cd elementor-section-content-bottom elementor-section-boxed elementor-section-height-default elementor-section-height-default\" data-id=\"ca7d9cd\" data-element_type=\"section\">\n\t\t\t\t\t\t<div class=\"elementor-container elementor-column-gap-default\">\n\t\t\t\t\t<div class=\"elementor-column elementor-col-33 elementor-inner-column elementor-element elementor-element-935f51e\" data-id=\"935f51e\" data-element_type=\"column\">\n\t\t\t<div class=\"elementor-widget-wrap elementor-element-populated\">\n\t\t\t\t\t\t\t\t<div class=\"elementor-element elementor-element-ef8d0f6 pp-info-box-top elementor-widget elementor-widget-pp-info-box\" data-id=\"ef8d0f6\" data-element_type=\"widget\" data-settings=\"{&quot;icon_position&quot;:&quot;top&quot;}\" data-widget_type=\"pp-info-box.default\">\n\t\t\t\t<div class=\"elementor-widget-container\">\n\t\t\t\t\t<div class=\"pp-info-box-container\">\n\t\t<div class=\"pp-info-box\">\n\t\t\t\t\t\t\t<div class=\"pp-info-box-icon-wrap\">\n\t\t\t\t\t\t\t\t\t\t\t\t<span class=\"pp-info-box-icon pp-icon\">\n\t\t\t\t\t\t\t<span class=\"pp-icon-text\">\n\t\t\t\t\t1\t\t\t\t<\/span>\n\t\t\t\t\t<\/span>\n\t\t\t\t\t\t\t\t\t\t\t<\/div>\n\t\t\t\t\t\t<div class=\"pp-info-box-content\">\n\t\t\t\t<div class=\"pp-info-box-title-wrap\">\n\t\t\t\t\t\t\t\t\t\t\t<div class=\"pp-info-box-title-container\" >\n\t\t\t\t\t\t\t<h4 class=\"pp-info-box-title\">\n\t\t\t\t\t\t\t\tD\u00e9bat\t\t\t\t\t\t\t<\/h4>\n\t\t\t\t\t\t<\/div>\n\t\t\t\t\t\t\t\t\t\t<\/div>\n\n\t\t\t\t\n\t\t\t\t\t\t\t\t\t<div class=\"pp-info-box-description\">\n\t\t\t\t\t\t<p>D\u00e9bat pour responsabiliser et sensibiliser les candidats aux dangers de la route.<span style=\"font-family: var( --e-global-typography-primary-font-family ), Sans-serif; font-weight: var( --e-global-typography-primary-font-weight );\"><\/span><\/p>\t\t\t\t\t<\/div>\n\t\t\t\t\t\t\t\t\t\t\t<\/div>\n\t\t<\/div>\n\t\t<\/div>\n\t\t\t\t<\/div>\n\t\t\t\t<\/div>\n\t\t\t\t\t<\/div>\n\t\t<\/div>\n\t\t\t\t<div class=\"elementor-column elementor-col-33 elementor-inner-column elementor-element elementor-element-5e601a4\" data-id=\"5e601a4\" data-element_type=\"column\">\n\t\t\t<div class=\"elementor-widget-wrap elementor-element-populated\">\n\t\t\t\t\t\t\t\t<div class=\"elementor-element elementor-element-e9e428b pp-info-box-top elementor-widget elementor-widget-pp-info-box\" data-id=\"e9e428b\" data-element_type=\"widget\" data-settings=\"{&quot;icon_position&quot;:&quot;top&quot;}\" data-widget_type=\"pp-info-box.default\">\n\t\t\t\t<div class=\"elementor-widget-container\">\n\t\t\t\t\t<div class=\"pp-info-box-container\">\n\t\t<div class=\"pp-info-box\">\n\t\t\t\t\t\t\t<div class=\"pp-info-box-icon-wrap\">\n\t\t\t\t\t\t\t\t\t\t\t\t<span class=\"pp-info-box-icon pp-icon\">\n\t\t\t\t\t\t\t<span class=\"pp-icon-text\">\n\t\t\t\t\t2\t\t\t\t<\/span>\n\t\t\t\t\t<\/span>\n\t\t\t\t\t\t\t\t\t\t\t<\/div>\n\t\t\t\t\t\t<div class=\"pp-info-box-content\">\n\t\t\t\t<div class=\"pp-info-box-title-wrap\">\n\t\t\t\t\t\t\t\t\t\t\t<div class=\"pp-info-box-title-container\" >\n\t\t\t\t\t\t\t<h4 class=\"pp-info-box-title\">\n\t\t\t\t\t\t\t\tAcquisition\t\t\t\t\t\t\t<\/h4>\n\t\t\t\t\t\t<\/div>\n\t\t\t\t\t\t\t\t\t\t<\/div>\n\n\t\t\t\t\n\t\t\t\t\t\t\t\t\t<div class=\"pp-info-box-description\">\n\t\t\t\t\t\t<p style=\"margin-bottom: 0px; color: rgba(0, 0, 0, 0.5); text-align: left;\">Acquisition des connaissances \u00e9l\u00e9mentaires du code de la route.<span style=\"color: rgb(62, 62, 62); font-family: var( --e-global-typography-primary-font-family ), Sans-serif; font-weight: var( --e-global-typography-primary-font-weight );\"><\/span><\/p>\t\t\t\t\t<\/div>\n\t\t\t\t\t\t\t\t\t\t\t<\/div>\n\t\t<\/div>\n\t\t<\/div>\n\t\t\t\t<\/div>\n\t\t\t\t<\/div>\n\t\t\t\t\t<\/div>\n\t\t<\/div>\n\t\t\t\t<div class=\"elementor-column elementor-col-33 elementor-inner-column elementor-element elementor-element-e88ef0b\" data-id=\"e88ef0b\" data-element_type=\"column\">\n\t\t\t<div class=\"elementor-widget-wrap elementor-element-populated\">\n\t\t\t\t\t\t\t\t<div class=\"elementor-element elementor-element-0633da0 pp-info-box-top elementor-widget elementor-widget-pp-info-box\" data-id=\"0633da0\" data-element_type=\"widget\" data-settings=\"{&quot;icon_position&quot;:&quot;top&quot;}\" data-widget_type=\"pp-info-box.default\">\n\t\t\t\t<div class=\"elementor-widget-container\">\n\t\t\t\t\t<div class=\"pp-info-box-container\">\n\t\t<div class=\"pp-info-box\">\n\t\t\t\t\t\t\t<div class=\"pp-info-box-icon-wrap\">\n\t\t\t\t\t\t\t\t\t\t\t\t<span class=\"pp-info-box-icon pp-icon\">\n\t\t\t\t\t\t\t<span class=\"pp-icon-text\">\n\t\t\t\t\t3\t\t\t\t<\/span>\n\t\t\t\t\t<\/span>\n\t\t\t\t\t\t\t\t\t\t\t<\/div>\n\t\t\t\t\t\t<div class=\"pp-info-box-content\">\n\t\t\t\t<div class=\"pp-info-box-title-wrap\">\n\t\t\t\t\t\t\t\t\t\t\t<div class=\"pp-info-box-title-container\" >\n\t\t\t\t\t\t\t<h4 class=\"pp-info-box-title\">\n\t\t\t\t\t\t\t\tApprofondir\t\t\t\t\t\t\t<\/h4>\n\t\t\t\t\t\t<\/div>\n\t\t\t\t\t\t\t\t\t\t<\/div>\n\n\t\t\t\t\n\t\t\t\t\t\t\t\t\t<div class=\"pp-info-box-description\">\n\t\t\t\t\t\t<p>Fourniture d&rsquo;un livret de code afin d&rsquo;approfondir leurs connaissances.<span style=\"font-family: var( --e-global-typography-primary-font-family ), Sans-serif; font-weight: var( --e-global-typography-primary-font-weight );\"><\/span><\/p>\t\t\t\t\t<\/div>\n\t\t\t\t\t\t\t\t\t\t\t<\/div>\n\t\t<\/div>\n\t\t<\/div>\n\t\t\t\t<\/div>\n\t\t\t\t<\/div>\n\t\t\t\t\t<\/div>\n\t\t<\/div>\n\t\t\t\t\t\t\t<\/div>\n\t\t<\/section>\n\t\t\t\t\t<\/div>\n\t\t<\/div>\n\t\t\t\t\t\t\t<\/div>\n\t\t<\/section>\n\t\t\t\t<section class=\"elementor-section elementor-top-section elementor-element elementor-element-7fba6a78 elementor-section-content-middle elementor-section-boxed elementor-section-height-default elementor-section-height-default\" data-id=\"7fba6a78\" data-element_type=\"section\">\n\t\t\t\t\t\t<div class=\"elementor-container elementor-column-gap-no\">\n\t\t\t\t\t<div class=\"elementor-column elementor-col-50 elementor-top-column elementor-element elementor-element-4bba23a\" data-id=\"4bba23a\" data-element_type=\"column\">\n\t\t\t<div class=\"elementor-widget-wrap elementor-element-populated\">\n\t\t\t\t\t\t\t\t<div class=\"elementor-element elementor-element-571523a5 elementor-widget elementor-widget-image\" data-id=\"571523a5\" data-element_type=\"widget\" data-widget_type=\"image.default\">\n\t\t\t\t<div class=\"elementor-widget-container\">\n\t\t\t\t\t\t\t\t\t\t\t\t\t\t\t<img width=\"605\" height=\"454\" src=\"https:\/\/i1.wp.com\/laclefdupermis.com\/wp-content\/uploads\/2023\/08\/Image1.jpg?fit=605%2C454&amp;ssl=1\" class=\"attachment-full size-full\" alt=\"\" loading=\"lazy\" srcset=\"https:\/\/i1.wp.com\/laclefdupermis.com\/wp-content\/uploads\/2023\/08\/Image1.jpg?w=605&amp;ssl=1 605w, https:\/\/i1.wp.com\/laclefdupermis.com\/wp-content\/uploads\/2023\/08\/Image1.jpg?resize=300%2C225&amp;ssl=1 300w\" sizes=\"(max-width: 605px) 100vw, 605px\" \/>\t\t\t\t\t\t\t\t\t\t\t\t\t\t\t<\/div>\n\t\t\t\t<\/div>\n\t\t\t\t\t<\/div>\n\t\t<\/div>\n\t\t\t\t<div class=\"elementor-column elementor-col-50 elementor-top-column elementor-element elementor-element-2ecb271f\" data-id=\"2ecb271f\" data-element_type=\"column\">\n\t\t\t<div class=\"elementor-widget-wrap elementor-element-populated\">\n\t\t\t\t\t\t\t\t<div class=\"elementor-element elementor-element-3c1a2ec elementor-widget elementor-widget-text-editor\" data-id=\"3c1a2ec\" data-element_type=\"widget\" data-widget_type=\"text-editor.default\">\n\t\t\t\t<div class=\"elementor-widget-container\">\n\t\t\t\t\t\t\t\t<p>Formation hors circulation (plateau)<\/p>\t\t\t\t\t\t<\/div>\n\t\t\t\t<\/div>\n\t\t\t\t<div class=\"elementor-element elementor-element-884ee35 elementor-widget elementor-widget-text-editor\" data-id=\"884ee35\" data-element_type=\"widget\" data-widget_type=\"text-editor.default\">\n\t\t\t\t<div class=\"elementor-widget-container\">\n\t\t\t\t\t\t\t\t<ul><li>Apprendre \u00e0 g\u00e9rer les commandes du scooter<\/li><li>G\u00e9rer la circulation lente en scooter<\/li><\/ul>\t\t\t\t\t\t<\/div>\n\t\t\t\t<\/div>\n\t\t\t\t<div class=\"elementor-element elementor-element-97732f0 elementor-widget elementor-widget-text-editor\" data-id=\"97732f0\" data-element_type=\"widget\" data-widget_type=\"text-editor.default\">\n\t\t\t\t<div class=\"elementor-widget-container\">\n\t\t\t\t\t\t\t\t<p>Formation en circulation<\/p>\t\t\t\t\t\t<\/div>\n\t\t\t\t<\/div>\n\t\t\t\t<div class=\"elementor-element elementor-element-23d539c elementor-widget elementor-widget-text-editor\" data-id=\"23d539c\" data-element_type=\"widget\" data-widget_type=\"text-editor.default\">\n\t\t\t\t<div class=\"elementor-widget-container\">\n\t\t\t\t\t\t\t\t<ul><li>Savoir circuler avec son environnement<\/li><\/ul>\t\t\t\t\t\t<\/div>\n\t\t\t\t<\/div>\n\t\t\t\t\t<\/div>\n\t\t<\/div>\n\t\t\t\t\t\t\t<\/div>\n\t\t<\/section>\n\t\t\t\t<section class=\"elementor-section elementor-top-section elementor-element elementor-element-77f3c90 elementor-hidden-phone elementor-section-boxed elementor-section-height-default elementor-section-height-default\" data-id=\"77f3c90\" data-element_type=\"section\" data-settings=\"{&quot;background_background&quot;:&quot;classic&quot;}\">\n\t\t\t\t\t\t<div class=\"elementor-container elementor-column-gap-default\">\n\t\t\t\t\t<div class=\"elementor-column elementor-col-25 elementor-top-column elementor-element elementor-element-602ea5a\" data-id=\"602ea5a\" data-element_type=\"column\">\n\t\t\t<div class=\"elementor-widget-wrap elementor-element-populated\">\n\t\t\t\t\t\t\t\t<div class=\"elementor-element elementor-element-215c066 elementor-widget elementor-widget-heading\" data-id=\"215c066\" data-element_type=\"widget\" data-widget_type=\"heading.default\">\n\t\t\t\t<div class=\"elementor-widget-container\">\n\t\t\t<h2 class=\"elementor-heading-title elementor-size-default\">La clef du permis<\/h2>\t\t<\/div>\n\t\t\t\t<\/div>\n\t\t\t\t<div class=\"elementor-element elementor-element-3c72a6f elementor-widget elementor-widget-text-editor\" data-id=\"3c72a6f\" data-element_type=\"widget\" data-widget_type=\"text-editor.default\">\n\t\t\t\t<div class=\"elementor-widget-container\">\n\t\t\t\t\t\t\t\t<p><strong><span class=\"WdYUQQ\">710 Rue Gustave Delory &#8211; B\u00e2timent AFPA, <\/span><span class=\"WdYUQQ\">59174 La Sentinelle\u00a0<\/span><\/strong><\/p>\t\t\t\t\t\t<\/div>\n\t\t\t\t<\/div>\n\t\t\t\t<div class=\"elementor-element elementor-element-c381fdb elementor-widget elementor-widget-text-editor\" data-id=\"c381fdb\" data-element_type=\"widget\" data-widget_type=\"text-editor.default\">\n\t\t\t\t<div class=\"elementor-widget-container\">\n\t\t\t\t\t\t\t\t<p>laclefdupermis@outlook.fr<\/p>\t\t\t\t\t\t<\/div>\n\t\t\t\t<\/div>\n\t\t\t\t\t<\/div>\n\t\t<\/div>\n\t\t\t\t<div class=\"elementor-column elementor-col-25 elementor-top-column elementor-element elementor-element-bde7ce8\" data-id=\"bde7ce8\" data-element_type=\"column\">\n\t\t\t<div class=\"elementor-widget-wrap elementor-element-populated\">\n\t\t\t\t\t\t\t\t<div class=\"elementor-element elementor-element-f9bbc50 pp-dual-heading-inline-block elementor-widget elementor-widget-pp-dual-heading\" data-id=\"f9bbc50\" data-element_type=\"widget\" data-widget_type=\"pp-dual-heading.default\">\n\t\t\t\t<div class=\"elementor-widget-container\">\n\t\t\t\t\t\t<div class=\"pp-dual-heading\">\n\t\t\t\t\t\t\t\t\t<span class=\"pp-first-text\">\n\t\t\t\t\t\tAccueil\t\t\t\t\t<\/span>\n\t\t\t\t\t\t\t\t<\/div>\n\t\t\t\t\t<\/div>\n\t\t\t\t<\/div>\n\t\t\t\t<div class=\"elementor-element elementor-element-3407d4e elementor-icon-list--layout-traditional elementor-list-item-link-full_width elementor-widget elementor-widget-icon-list\" data-id=\"3407d4e\" data-element_type=\"widget\" data-widget_type=\"icon-list.default\">\n\t\t\t\t<div class=\"elementor-widget-container\">\n\t\t\t\t\t<ul class=\"elementor-icon-list-items\">\n\t\t\t\t\t\t\t<li class=\"elementor-icon-list-item\">\n\t\t\t\t\t<a href=\"#\">\t\t\t\t\t<span class=\"elementor-icon-list-text\">L'association<\/span>\n\t\t\t\t\t\t\t\t\t\t\t<\/a>\n\t\t\t\t\t\t\t\t\t<\/li>\n\t\t\t\t\t\t\t\t<li class=\"elementor-icon-list-item\">\n\t\t\t\t\t<a href=\"#\">\t\t\t\t\t<span class=\"elementor-icon-list-text\">Comment ?<\/span>\n\t\t\t\t\t\t\t\t\t\t\t<\/a>\n\t\t\t\t\t\t\t\t\t<\/li>\n\t\t\t\t\t\t\t\t<li class=\"elementor-icon-list-item\">\n\t\t\t\t\t<a href=\"#\">\t\t\t\t\t<span class=\"elementor-icon-list-text\">T\u00e9moignages<\/span>\n\t\t\t\t\t\t\t\t\t\t\t<\/a>\n\t\t\t\t\t\t\t\t\t<\/li>\n\t\t\t\t\t\t\t\t<li class=\"elementor-icon-list-item\">\n\t\t\t\t\t<a href=\"#\">\t\t\t\t\t<span class=\"elementor-icon-list-text\">Nous trouver<\/span>\n\t\t\t\t\t\t\t\t\t\t\t<\/a>\n\t\t\t\t\t\t\t\t\t<\/li>\n\t\t\t\t\t\t<\/ul>\n\t\t\t\t<\/div>\n\t\t\t\t<\/div>\n\t\t\t\t\t<\/div>\n\t\t<\/div>\n\t\t\t\t<div class=\"elementor-column elementor-col-25 elementor-top-column elementor-element elementor-element-b39a36f\" data-id=\"b39a36f\" data-element_type=\"column\">\n\t\t\t<div class=\"elementor-widget-wrap elementor-element-populated\">\n\t\t\t\t\t\t\t\t<div class=\"elementor-element elementor-element-930c242 pp-dual-heading-inline-block elementor-widget elementor-widget-pp-dual-heading\" data-id=\"930c242\" data-element_type=\"widget\" data-widget_type=\"pp-dual-heading.default\">\n\t\t\t\t<div class=\"elementor-widget-container\">\n\t\t\t\t\t\t<div class=\"pp-dual-heading\">\n\t\t\t\t\t\t\t\t\t<span class=\"pp-first-text\">\n\t\t\t\t\t\tNos formations\t\t\t\t\t<\/span>\n\t\t\t\t\t\t\t\t<\/div>\n\t\t\t\t\t<\/div>\n\t\t\t\t<\/div>\n\t\t\t\t<div class=\"elementor-element elementor-element-61232c8 elementor-icon-list--layout-traditional elementor-list-item-link-full_width elementor-widget elementor-widget-icon-list\" data-id=\"61232c8\" data-element_type=\"widget\" data-widget_type=\"icon-list.default\">\n\t\t\t\t<div class=\"elementor-widget-container\">\n\t\t\t\t\t<ul class=\"elementor-icon-list-items\">\n\t\t\t\t\t\t\t<li class=\"elementor-icon-list-item\">\n\t\t\t\t\t<a href=\"#\">\t\t\t\t\t<span class=\"elementor-icon-list-text\">Conduite supervis\u00e9e<\/span>\n\t\t\t\t\t\t\t\t\t\t\t<\/a>\n\t\t\t\t\t\t\t\t\t<\/li>\n\t\t\t\t\t\t\t\t<li class=\"elementor-icon-list-item\">\n\t\t\t\t\t<a href=\"#\">\t\t\t\t\t<span class=\"elementor-icon-list-text\">Formation permis B <\/span>\n\t\t\t\t\t\t\t\t\t\t\t<\/a>\n\t\t\t\t\t\t\t\t\t<\/li>\n\t\t\t\t\t\t\t\t<li class=\"elementor-icon-list-item\">\n\t\t\t\t\t<a href=\"#\">\t\t\t\t\t<span class=\"elementor-icon-list-text\">Conduite zen<\/span>\n\t\t\t\t\t\t\t\t\t\t\t<\/a>\n\t\t\t\t\t\t\t\t\t<\/li>\n\t\t\t\t\t\t\t\t<li class=\"elementor-icon-list-item\">\n\t\t\t\t\t<a href=\"#\">\t\t\t\t\t<span class=\"elementor-icon-list-text\">Formation AM<\/span>\n\t\t\t\t\t\t\t\t\t\t\t<\/a>\n\t\t\t\t\t\t\t\t\t<\/li>\n\t\t\t\t\t\t<\/ul>\n\t\t\t\t<\/div>\n\t\t\t\t<\/div>\n\t\t\t\t\t<\/div>\n\t\t<\/div>\n\t\t\t\t<div class=\"elementor-column elementor-col-25 elementor-top-column elementor-element elementor-element-a8f856b\" data-id=\"a8f856b\" data-element_type=\"column\">\n\t\t\t<div class=\"elementor-widget-wrap elementor-element-populated\">\n\t\t\t\t\t\t\t\t<div class=\"elementor-element elementor-element-607ce15 pp-dual-heading-inline-block elementor-widget elementor-widget-pp-dual-heading\" data-id=\"607ce15\" data-element_type=\"widget\" data-widget_type=\"pp-dual-heading.default\">\n\t\t\t\t<div class=\"elementor-widget-container\">\n\t\t\t\t\t\t<div class=\"pp-dual-heading\">\n\t\t\t\t\t\t\t\t\t<span class=\"pp-first-text\">\n\t\t\t\t\t\tNous suivre\t\t\t\t\t<\/span>\n\t\t\t\t\t\t\t\t<\/div>\n\t\t\t\t\t<\/div>\n\t\t\t\t<\/div>\n\t\t\t\t<div class=\"elementor-element elementor-element-c807b80 elementor-icon-list--layout-traditional elementor-list-item-link-full_width elementor-widget elementor-widget-icon-list\" data-id=\"c807b80\" data-element_type=\"widget\" data-widget_type=\"icon-list.default\">\n\t\t\t\t<div class=\"elementor-widget-container\">\n\t\t\t\t\t<ul class=\"elementor-icon-list-items\">\n\t\t\t\t\t\t\t<li class=\"elementor-icon-list-item\">\n\t\t\t\t\t<a href=\"https:\/\/www.linkedin.com\/in\/emilie-barbaut-42b359206\/\" target=\"_blank\">\t\t\t\t\t\t<span class=\"elementor-icon-list-icon\">\n\t\t\t\t\t\t\t<i aria-hidden=\"true\" class=\"fab fa-linkedin\"><\/i>\t\t\t\t\t\t<\/span>\n\t\t\t\t\t\t\t\t\t\t<span class=\"elementor-icon-list-text\"><\/span>\n\t\t\t\t\t\t\t\t\t\t\t<\/a>\n\t\t\t\t\t\t\t\t\t<\/li>\n\t\t\t\t\t\t\t\t<li class=\"elementor-icon-list-item\">\n\t\t\t\t\t<a href=\"https:\/\/www.facebook.com\/laclefdupermis59\" target=\"_blank\">\t\t\t\t\t\t<span class=\"elementor-icon-list-icon\">\n\t\t\t\t\t\t\t<i aria-hidden=\"true\" class=\"fab fa-facebook\"><\/i>\t\t\t\t\t\t<\/span>\n\t\t\t\t\t\t\t\t\t\t<span class=\"elementor-icon-list-text\"><\/span>\n\t\t\t\t\t\t\t\t\t\t\t<\/a>\n\t\t\t\t\t\t\t\t\t<\/li>\n\t\t\t\t\t\t<\/ul>\n\t\t\t\t<\/div>\n\t\t\t\t<\/div>\n\t\t\t\t\t<\/div>\n\t\t<\/div>\n\t\t\t\t\t\t\t<\/div>\n\t\t<\/section>\n\t\t\t\t\t\t<\/div>\n\t\t\t\t\t<\/div>\n\t\t","protected":false},"excerpt":{"rendered":"<p>Formation Th\u00e9orique 1 D\u00e9bat D\u00e9bat pour responsabiliser et sensibiliser les candidats aux dangers de la route. 2 Acquisition Acquisition des connaissances \u00e9l\u00e9mentaires du code de la route. 3 Approfondir Fourniture d&rsquo;un livret de code afin d&rsquo;approfondir leurs connaissances. Formation hors circulation (plateau) Apprendre \u00e0 g\u00e9rer les commandes du scooter G\u00e9rer la circulation lente en scooter [&hellip;]<\/p>\n","protected":false},"author":3,"featured_media":0,"parent":0,"menu_order":0,"comment_status":"closed","ping_status":"closed","template":"","meta":{"spay_email":""},"yoast_head":"<!-- This site is optimized with the Yoast SEO plugin v16.7 - https:\/\/yoast.com\/wordpress\/plugins\/seo\/ -->\n<title>Formation AM - La Clef du Permis<\/title>\n<meta name=\"robots\" content=\"index, follow, max-snippet:-1, max-image-preview:large, max-video-preview:-1\" \/>\n<link rel=\"canonical\" href=\"https:\/\/laclefdupermis.com\/index.php\/formation-am\/\" \/>\n<meta property=\"og:locale\" content=\"fr_FR\" \/>\n<meta property=\"og:type\" content=\"article\" \/>\n<meta property=\"og:title\" content=\"Formation AM - La Clef du Permis\" \/>\n<meta property=\"og:description\" content=\"Formation Th\u00e9orique 1 D\u00e9bat D\u00e9bat pour responsabiliser et sensibiliser les candidats aux dangers de la route. 2 Acquisition Acquisition des connaissances \u00e9l\u00e9mentaires du code de la route. 3 Approfondir Fourniture d&rsquo;un livret de code afin d&rsquo;approfondir leurs connaissances. Formation hors circulation (plateau) Apprendre \u00e0 g\u00e9rer les commandes du scooter G\u00e9rer la circulation lente en scooter [&hellip;]\" \/>\n<meta property=\"og:url\" content=\"https:\/\/laclefdupermis.com\/index.php\/formation-am\/\" \/>\n<meta property=\"og:site_name\" content=\"La Clef du Permis\" \/>\n<meta property=\"article:modified_time\" content=\"2023-08-01T12:00:14+00:00\" \/>\n<meta property=\"og:image\" content=\"https:\/\/laclefdupermis.com\/wp-content\/uploads\/2023\/08\/Image1.jpg\" \/>\n<meta name=\"twitter:card\" content=\"summary_large_image\" \/>\n<meta name=\"twitter:label1\" content=\"Dur\u00e9e de lecture est.\" \/>\n\t<meta name=\"twitter:data1\" content=\"1 minute\" \/>\n<script type=\"application\/ld+json\" class=\"yoast-schema-graph\">{\"@context\":\"https:\/\/schema.org\",\"@graph\":[{\"@type\":\"WebSite\",\"@id\":\"https:\/\/laclefdupermis.com\/#website\",\"url\":\"https:\/\/laclefdupermis.com\/\",\"name\":\"La Clef du Permis\",\"description\":\"Passez votre permis rapidement\",\"potentialAction\":[{\"@type\":\"SearchAction\",\"target\":{\"@type\":\"EntryPoint\",\"urlTemplate\":\"https:\/\/laclefdupermis.com\/?s={search_term_string}\"},\"query-input\":\"required name=search_term_string\"}],\"inLanguage\":\"fr-FR\"},{\"@type\":\"ImageObject\",\"@id\":\"https:\/\/laclefdupermis.com\/index.php\/formation-am\/#primaryimage\",\"inLanguage\":\"fr-FR\",\"url\":\"https:\/\/i1.wp.com\/laclefdupermis.com\/wp-content\/uploads\/2023\/08\/Image1.jpg?fit=605%2C454&ssl=1\",\"contentUrl\":\"https:\/\/i1.wp.com\/laclefdupermis.com\/wp-content\/uploads\/2023\/08\/Image1.jpg?fit=605%2C454&ssl=1\",\"width\":605,\"height\":454},{\"@type\":\"WebPage\",\"@id\":\"https:\/\/laclefdupermis.com\/index.php\/formation-am\/#webpage\",\"url\":\"https:\/\/laclefdupermis.com\/index.php\/formation-am\/\",\"name\":\"Formation AM - La Clef du Permis\",\"isPartOf\":{\"@id\":\"https:\/\/laclefdupermis.com\/#website\"},\"primaryImageOfPage\":{\"@id\":\"https:\/\/laclefdupermis.com\/index.php\/formation-am\/#primaryimage\"},\"datePublished\":\"2021-04-28T11:18:36+00:00\",\"dateModified\":\"2023-08-01T12:00:14+00:00\",\"breadcrumb\":{\"@id\":\"https:\/\/laclefdupermis.com\/index.php\/formation-am\/#breadcrumb\"},\"inLanguage\":\"fr-FR\",\"potentialAction\":[{\"@type\":\"ReadAction\",\"target\":[\"https:\/\/laclefdupermis.com\/index.php\/formation-am\/\"]}]},{\"@type\":\"BreadcrumbList\",\"@id\":\"https:\/\/laclefdupermis.com\/index.php\/formation-am\/#breadcrumb\",\"itemListElement\":[{\"@type\":\"ListItem\",\"position\":1,\"name\":\"Accueil\",\"item\":\"https:\/\/laclefdupermis.com\/\"},{\"@type\":\"ListItem\",\"position\":2,\"name\":\"Formation AM\"}]}]}<\/script>\n<!-- \/ Yoast SEO plugin. -->","yoast_head_json":{"title":"Formation AM - La Clef du Permis","robots":{"index":"index","follow":"follow","max-snippet":"max-snippet:-1","max-image-preview":"max-image-preview:large","max-video-preview":"max-video-preview:-1"},"canonical":"https:\/\/laclefdupermis.com\/index.php\/formation-am\/","og_locale":"fr_FR","og_type":"article","og_title":"Formation AM - La Clef du Permis","og_description":"Formation Th\u00e9orique 1 D\u00e9bat D\u00e9bat pour responsabiliser et sensibiliser les candidats aux dangers de la route. 2 Acquisition Acquisition des connaissances \u00e9l\u00e9mentaires du code de la route. 3 Approfondir Fourniture d&rsquo;un livret de code afin d&rsquo;approfondir leurs connaissances. Formation hors circulation (plateau) Apprendre \u00e0 g\u00e9rer les commandes du scooter G\u00e9rer la circulation lente en scooter [&hellip;]","og_url":"https:\/\/laclefdupermis.com\/index.php\/formation-am\/","og_site_name":"La Clef du Permis","article_modified_time":"2023-08-01T12:00:14+00:00","og_image":[{"url":"https:\/\/laclefdupermis.com\/wp-content\/uploads\/2023\/08\/Image1.jpg"}],"twitter_card":"summary_large_image","twitter_misc":{"Dur\u00e9e de lecture est.":"1 minute"},"schema":{"@context":"https:\/\/schema.org","@graph":[{"@type":"WebSite","@id":"https:\/\/laclefdupermis.com\/#website","url":"https:\/\/laclefdupermis.com\/","name":"La Clef du Permis","description":"Passez votre permis rapidement","potentialAction":[{"@type":"SearchAction","target":{"@type":"EntryPoint","urlTemplate":"https:\/\/laclefdupermis.com\/?s={search_term_string}"},"query-input":"required name=search_term_string"}],"inLanguage":"fr-FR"},{"@type":"ImageObject","@id":"https:\/\/laclefdupermis.com\/index.php\/formation-am\/#primaryimage","inLanguage":"fr-FR","url":"https:\/\/i1.wp.com\/laclefdupermis.com\/wp-content\/uploads\/2023\/08\/Image1.jpg?fit=605%2C454&ssl=1","contentUrl":"https:\/\/i1.wp.com\/laclefdupermis.com\/wp-content\/uploads\/2023\/08\/Image1.jpg?fit=605%2C454&ssl=1","width":605,"height":454},{"@type":"WebPage","@id":"https:\/\/laclefdupermis.com\/index.php\/formation-am\/#webpage","url":"https:\/\/laclefdupermis.com\/index.php\/formation-am\/","name":"Formation AM - La Clef du Permis","isPartOf":{"@id":"https:\/\/laclefdupermis.com\/#website"},"primaryImageOfPage":{"@id":"https:\/\/laclefdupermis.com\/index.php\/formation-am\/#primaryimage"},"datePublished":"2021-04-28T11:18:36+00:00","dateModified":"2023-08-01T12:00:14+00:00","breadcrumb":{"@id":"https:\/\/laclefdupermis.com\/index.php\/formation-am\/#breadcrumb"},"inLanguage":"fr-FR","potentialAction":[{"@type":"ReadAction","target":["https:\/\/laclefdupermis.com\/index.php\/formation-am\/"]}]},{"@type":"BreadcrumbList","@id":"https:\/\/laclefdupermis.com\/index.php\/formation-am\/#breadcrumb","itemListElement":[{"@type":"ListItem","position":1,"name":"Accueil","item":"https:\/\/laclefdupermis.com\/"},{"@type":"ListItem","position":2,"name":"Formation AM"}]}]}},"jetpack_sharing_enabled":true,"jetpack_likes_enabled":true,"_links":{"self":[{"href":"https:\/\/laclefdupermis.com\/index.php\/wp-json\/wp\/v2\/pages\/952"}],"collection":[{"href":"https:\/\/laclefdupermis.com\/index.php\/wp-json\/wp\/v2\/pages"}],"about":[{"href":"https:\/\/laclefdupermis.com\/index.php\/wp-json\/wp\/v2\/types\/page"}],"author":[{"embeddable":true,"href":"https:\/\/laclefdupermis.com\/index.php\/wp-json\/wp\/v2\/users\/3"}],"replies":[{"embeddable":true,"href":"https:\/\/laclefdupermis.com\/index.php\/wp-json\/wp\/v2\/comments?post=952"}],"version-history":[{"count":47,"href":"https:\/\/laclefdupermis.com\/index.php\/wp-json\/wp\/v2\/pages\/952\/revisions"}],"predecessor-version":[{"id":2785,"href":"https:\/\/laclefdupermis.com\/index.php\/wp-json\/wp\/v2\/pages\/952\/revisions\/2785"}],"wp:attachment":[{"href":"https:\/\/laclefdupermis.com\/index.php\/wp-json\/wp\/v2\/media?parent=952"}],"curies":[{"name":"wp","href":"https:\/\/api.w.org\/{rel}","templated":true}]}}