{"id":2786,"date":"2023-08-02T09:29:00","date_gmt":"2023-08-02T07:29:00","guid":{"rendered":"https:\/\/laclefdupermis.com\/?page_id=2786"},"modified":"2023-09-01T11:58:10","modified_gmt":"2023-09-01T09:58:10","slug":"passerelle","status":"publish","type":"page","link":"https:\/\/laclefdupermis.com\/index.php\/passerelle\/","title":{"rendered":"Passerelle"},"content":{"rendered":"\t\t<div data-elementor-type=\"wp-page\" data-elementor-id=\"2786\" class=\"elementor elementor-2786\" data-elementor-settings=\"[]\">\n\t\t\t\t\t\t\t<div class=\"elementor-section-wrap\">\n\t\t\t\t\t\t\t<section class=\"elementor-section elementor-top-section elementor-element elementor-element-1ce68f8a elementor-section-content-middle elementor-section-boxed elementor-section-height-default elementor-section-height-default\" data-id=\"1ce68f8a\" data-element_type=\"section\">\n\t\t\t\t\t\t<div class=\"elementor-container elementor-column-gap-no\">\n\t\t\t\t\t<div class=\"elementor-column elementor-col-100 elementor-top-column elementor-element elementor-element-5090357c\" data-id=\"5090357c\" data-element_type=\"column\">\n\t\t\t<div class=\"elementor-widget-wrap elementor-element-populated\">\n\t\t\t\t\t\t\t\t<div class=\"elementor-element elementor-element-6420c4ee elementor-widget elementor-widget-heading\" data-id=\"6420c4ee\" data-element_type=\"widget\" data-widget_type=\"heading.default\">\n\t\t\t\t<div class=\"elementor-widget-container\">\n\t\t\t<h4 class=\"elementor-heading-title elementor-size-default\">Passer le permis bo\u00eete de vitesses automatique<\/h4>\t\t<\/div>\n\t\t\t\t<\/div>\n\t\t\t\t<div class=\"elementor-element elementor-element-418318f1 elementor-widget elementor-widget-text-editor\" data-id=\"418318f1\" data-element_type=\"widget\" data-widget_type=\"text-editor.default\">\n\t\t\t\t<div class=\"elementor-widget-container\">\n\t\t\t\t\t\t\t\t<section class=\"section-intro wrapper\" data-v-60605313=\"\"><div class=\"wyz\" data-v-60605313=\"\"><p data-v-60605313=\"\">Depuis le 1er janvier 2017, les titulaires du permis B limit\u00e9 aux v\u00e9hicules \u00e9quip\u00e9s d\u2019une bo\u00eete de vitesses automatique peuvent conduire un v\u00e9hicule en bo\u00eete manuelle de m\u00eame cat\u00e9gorie \u00e0 condition de suivre une formation de 7 heures minimum.<\/p><\/div><\/section><section id=\"quels-vehicules-est-il-possible-de-conduire-?-3791\" class=\"paragraph-wyz wrapper\" data-v-3f0d4e39=\"\" data-v-1622461e=\"\" data-v-60605313=\"\"><\/section>\t\t\t\t\t\t<\/div>\n\t\t\t\t<\/div>\n\t\t\t\t\t<\/div>\n\t\t<\/div>\n\t\t\t\t\t\t\t<\/div>\n\t\t<\/section>\n\t\t\t\t<section class=\"elementor-section elementor-top-section elementor-element elementor-element-f75d5ca elementor-section-boxed elementor-section-height-default elementor-section-height-default\" data-id=\"f75d5ca\" data-element_type=\"section\">\n\t\t\t\t\t\t<div class=\"elementor-container elementor-column-gap-default\">\n\t\t\t\t\t<div class=\"elementor-column elementor-col-100 elementor-top-column elementor-element elementor-element-c60db61\" data-id=\"c60db61\" data-element_type=\"column\">\n\t\t\t<div class=\"elementor-widget-wrap elementor-element-populated\">\n\t\t\t\t\t\t\t\t<div class=\"elementor-element elementor-element-00694ba elementor-widget elementor-widget-heading\" data-id=\"00694ba\" data-element_type=\"widget\" data-widget_type=\"heading.default\">\n\t\t\t\t<div class=\"elementor-widget-container\">\n\t\t\t<h2 class=\"elementor-heading-title elementor-size-default\">D\u00e9roulement de la formation<\/h2>\t\t<\/div>\n\t\t\t\t<\/div>\n\t\t\t\t<section class=\"elementor-section elementor-inner-section elementor-element elementor-element-da15167 elementor-section-content-bottom elementor-section-boxed elementor-section-height-default elementor-section-height-default\" data-id=\"da15167\" data-element_type=\"section\">\n\t\t\t\t\t\t<div class=\"elementor-container elementor-column-gap-default\">\n\t\t\t\t\t<div class=\"elementor-column elementor-col-33 elementor-inner-column elementor-element elementor-element-da8b404\" data-id=\"da8b404\" data-element_type=\"column\">\n\t\t\t<div class=\"elementor-widget-wrap elementor-element-populated\">\n\t\t\t\t\t\t\t\t<div class=\"elementor-element elementor-element-0549960 pp-info-box-top elementor-widget elementor-widget-pp-info-box\" data-id=\"0549960\" data-element_type=\"widget\" data-settings=\"{&quot;icon_position&quot;:&quot;top&quot;}\" data-widget_type=\"pp-info-box.default\">\n\t\t\t\t<div class=\"elementor-widget-container\">\n\t\t\t\t\t<div class=\"pp-info-box-container\">\n\t\t<div class=\"pp-info-box\">\n\t\t\t\t\t\t\t<div class=\"pp-info-box-icon-wrap\">\n\t\t\t\t\t\t\t\t\t\t\t\t<span class=\"pp-info-box-icon pp-icon\">\n\t\t\t\t\t\t\t<i aria-hidden=\"true\" class=\"fas fa-star\"><\/i>\t\t\t\t\t\t<\/span>\n\t\t\t\t\t\t\t\t\t\t\t<\/div>\n\t\t\t\t\t\t<div class=\"pp-info-box-content\">\n\t\t\t\t<div class=\"pp-info-box-title-wrap\">\n\t\t\t\t\t\t\t\t\t\t\t<div class=\"pp-info-box-title-container\" >\n\t\t\t\t\t\t\t<h4 class=\"pp-info-box-title\">\n\t\t\t\t\t\t\t\t\u00c9valuation\t\t\t\t\t\t\t<\/h4>\n\t\t\t\t\t\t<\/div>\n\t\t\t\t\t\t\t\t\t\t<\/div>\n\n\t\t\t\t\n\t\t\t\t\t\t\t\t\t<div class=\"pp-info-box-description\">\n\t\t\t\t\t\t<p>Faire le point sur ce que l\u2019\u00e9l\u00e8ve sait faire et sur ce qui reste a travailler<\/p>\t\t\t\t\t<\/div>\n\t\t\t\t\t\t\t\t\t\t\t<\/div>\n\t\t<\/div>\n\t\t<\/div>\n\t\t\t\t<\/div>\n\t\t\t\t<\/div>\n\t\t\t\t\t<\/div>\n\t\t<\/div>\n\t\t\t\t<div class=\"elementor-column elementor-col-33 elementor-inner-column elementor-element elementor-element-4285093\" data-id=\"4285093\" data-element_type=\"column\">\n\t\t\t<div class=\"elementor-widget-wrap elementor-element-populated\">\n\t\t\t\t\t\t\t\t<div class=\"elementor-element elementor-element-22571cc pp-info-box-top elementor-widget elementor-widget-pp-info-box\" data-id=\"22571cc\" data-element_type=\"widget\" data-settings=\"{&quot;icon_position&quot;:&quot;top&quot;}\" data-widget_type=\"pp-info-box.default\">\n\t\t\t\t<div class=\"elementor-widget-container\">\n\t\t\t\t\t<div class=\"pp-info-box-container\">\n\t\t<div class=\"pp-info-box\">\n\t\t\t\t\t\t\t<div class=\"pp-info-box-icon-wrap\">\n\t\t\t\t\t\t\t\t\t\t\t\t<span class=\"pp-info-box-icon pp-icon\">\n\t\t\t\t\t\t\t<i aria-hidden=\"true\" class=\"fas fa-book-reader\"><\/i>\t\t\t\t\t\t<\/span>\n\t\t\t\t\t\t\t\t\t\t\t<\/div>\n\t\t\t\t\t\t<div class=\"pp-info-box-content\">\n\t\t\t\t<div class=\"pp-info-box-title-wrap\">\n\t\t\t\t\t\t\t\t\t\t\t<div class=\"pp-info-box-title-container\" >\n\t\t\t\t\t\t\t<h4 class=\"pp-info-box-title\">\n\t\t\t\t\t\t\t\tApprendre\t\t\t\t\t\t\t<\/h4>\n\t\t\t\t\t\t<\/div>\n\t\t\t\t\t\t\t\t\t\t<\/div>\n\n\t\t\t\t\n\t\t\t\t\t\t\t\t\t<div class=\"pp-info-box-description\">\n\t\t\t\t\t\t<p style=\"margin-bottom: 0px; color: rgba(0, 0, 0, 0.5); text-align: left;\">Le\u00e7ons de conduite pour apprendre \u00e0 g\u00e9rer la boite de vitesse manuelle<\/p>\t\t\t\t\t<\/div>\n\t\t\t\t\t\t\t\t\t\t\t<\/div>\n\t\t<\/div>\n\t\t<\/div>\n\t\t\t\t<\/div>\n\t\t\t\t<\/div>\n\t\t\t\t\t<\/div>\n\t\t<\/div>\n\t\t\t\t<div class=\"elementor-column elementor-col-33 elementor-inner-column elementor-element elementor-element-2e5e329\" data-id=\"2e5e329\" data-element_type=\"column\">\n\t\t\t<div class=\"elementor-widget-wrap elementor-element-populated\">\n\t\t\t\t\t\t\t\t<div class=\"elementor-element elementor-element-ac30cf4 pp-info-box-top elementor-widget elementor-widget-pp-info-box\" data-id=\"ac30cf4\" data-element_type=\"widget\" data-settings=\"{&quot;icon_position&quot;:&quot;top&quot;}\" data-widget_type=\"pp-info-box.default\">\n\t\t\t\t<div class=\"elementor-widget-container\">\n\t\t\t\t\t<div class=\"pp-info-box-container\">\n\t\t<div class=\"pp-info-box\">\n\t\t\t\t\t\t\t<div class=\"pp-info-box-icon-wrap\">\n\t\t\t\t\t\t\t\t\t\t\t\t<span class=\"pp-info-box-icon pp-icon\">\n\t\t\t\t\t\t\t<i aria-hidden=\"true\" class=\"fas fa-check\"><\/i>\t\t\t\t\t\t<\/span>\n\t\t\t\t\t\t\t\t\t\t\t<\/div>\n\t\t\t\t\t\t<div class=\"pp-info-box-content\">\n\t\t\t\t<div class=\"pp-info-box-title-wrap\">\n\t\t\t\t\t\t\t\t\t\t\t<div class=\"pp-info-box-title-container\" >\n\t\t\t\t\t\t\t<h4 class=\"pp-info-box-title\">\n\t\t\t\t\t\t\t\tAttestation de fin de formation\t\t\t\t\t\t\t<\/h4>\n\t\t\t\t\t\t<\/div>\n\t\t\t\t\t\t\t\t\t\t<\/div>\n\n\t\t\t\t\n\t\t\t\t\t\t\t\t\t<div class=\"pp-info-box-description\">\n\t\t\t\t\t\t<p>Pas d\u2019examen, l\u2019enseignant valide votre passage en boite manuelle<\/p>\t\t\t\t\t<\/div>\n\t\t\t\t\t\t\t\t\t\t\t<\/div>\n\t\t<\/div>\n\t\t<\/div>\n\t\t\t\t<\/div>\n\t\t\t\t<\/div>\n\t\t\t\t\t<\/div>\n\t\t<\/div>\n\t\t\t\t\t\t\t<\/div>\n\t\t<\/section>\n\t\t\t\t\t<\/div>\n\t\t<\/div>\n\t\t\t\t\t\t\t<\/div>\n\t\t<\/section>\n\t\t\t\t<section class=\"elementor-section elementor-top-section elementor-element elementor-element-8c7b77f elementor-section-boxed elementor-section-height-default elementor-section-height-default\" data-id=\"8c7b77f\" data-element_type=\"section\">\n\t\t\t\t\t\t<div class=\"elementor-container elementor-column-gap-default\">\n\t\t\t\t\t<div class=\"elementor-column elementor-col-100 elementor-top-column elementor-element elementor-element-7354beb\" data-id=\"7354beb\" data-element_type=\"column\">\n\t\t\t<div class=\"elementor-widget-wrap elementor-element-populated\">\n\t\t\t\t\t\t\t\t<div class=\"elementor-element elementor-element-d42e680 elementor-view-default elementor-widget elementor-widget-icon\" data-id=\"d42e680\" data-element_type=\"widget\" data-widget_type=\"icon.default\">\n\t\t\t\t<div class=\"elementor-widget-container\">\n\t\t\t\t\t<div class=\"elementor-icon-wrapper\">\n\t\t\t<div class=\"elementor-icon\">\n\t\t\t<i aria-hidden=\"true\" class=\"fas fa-address-card\"><\/i>\t\t\t<\/div>\n\t\t<\/div>\n\t\t\t\t<\/div>\n\t\t\t\t<\/div>\n\t\t\t\t<div class=\"elementor-element elementor-element-935e232 elementor-widget elementor-widget-text-editor\" data-id=\"935e232\" data-element_type=\"widget\" data-widget_type=\"text-editor.default\">\n\t\t\t\t<div class=\"elementor-widget-container\">\n\t\t\t\t\t\t\t\t<p><strong>Pour obtenir la carte du permis en boite manuelle, d\u00e9marche \u00e0 faire sur <a href=\"https:\/\/ants.gouv.fr\/\" target=\"_blank\" rel=\"noopener\" data-saferedirecturl=\"https:\/\/www.google.com\/url?q=https:\/\/ants.gouv.fr\/&amp;source=gmail&amp;ust=1693640665267000&amp;usg=AOvVaw1VW_Eq6ZtXAzjYVytX3IoU\">https:\/\/ants.gouv.fr\/<\/a><\/strong><\/p><div><h5><em>Nos assistantes organisent chaque semaine un atelier pour vous aider \u00e0 effectuer cette demande.<\/em><\/h5><\/div>\t\t\t\t\t\t<\/div>\n\t\t\t\t<\/div>\n\t\t\t\t\t<\/div>\n\t\t<\/div>\n\t\t\t\t\t\t\t<\/div>\n\t\t<\/section>\n\t\t\t\t<section class=\"elementor-section elementor-top-section elementor-element elementor-element-5b5e7c90 elementor-section-content-middle elementor-section-stretched elementor-section-boxed elementor-section-height-default elementor-section-height-default\" data-id=\"5b5e7c90\" data-element_type=\"section\" data-settings=\"{&quot;background_background&quot;:&quot;classic&quot;,&quot;stretch_section&quot;:&quot;section-stretched&quot;}\">\n\t\t\t\t\t\t<div class=\"elementor-container elementor-column-gap-no\">\n\t\t\t\t\t<div class=\"elementor-column elementor-col-100 elementor-top-column elementor-element elementor-element-1d4d90c3\" data-id=\"1d4d90c3\" data-element_type=\"column\">\n\t\t\t<div class=\"elementor-widget-wrap elementor-element-populated\">\n\t\t\t\t\t\t\t\t<div class=\"elementor-element elementor-element-1be82a48 elementor-widget elementor-widget-heading\" data-id=\"1be82a48\" data-element_type=\"widget\" data-widget_type=\"heading.default\">\n\t\t\t\t<div class=\"elementor-widget-container\">\n\t\t\t<h2 class=\"elementor-heading-title elementor-size-default\">FAQ<\/h2>\t\t<\/div>\n\t\t\t\t<\/div>\n\t\t\t\t<section class=\"elementor-section elementor-inner-section elementor-element elementor-element-6db9ac14 elementor-section-content-middle elementor-section-boxed elementor-section-height-default elementor-section-height-default\" data-id=\"6db9ac14\" data-element_type=\"section\">\n\t\t\t\t\t\t<div class=\"elementor-container elementor-column-gap-no\">\n\t\t\t\t\t<div class=\"elementor-column elementor-col-50 elementor-inner-column elementor-element elementor-element-6ec000c8\" data-id=\"6ec000c8\" data-element_type=\"column\">\n\t\t\t<div class=\"elementor-widget-wrap elementor-element-populated\">\n\t\t\t\t\t\t\t\t<div class=\"elementor-element elementor-element-3666999d elementor-widget elementor-widget-heading\" data-id=\"3666999d\" data-element_type=\"widget\" data-widget_type=\"heading.default\">\n\t\t\t\t<div class=\"elementor-widget-container\">\n\t\t\t<h4 class=\"elementor-heading-title elementor-size-default\">Quels v\u00e9hicules est il possible de conduire ?<\/h4>\t\t<\/div>\n\t\t\t\t<\/div>\n\t\t\t\t<div class=\"elementor-element elementor-element-1806333c elementor-widget-divider--view-line elementor-widget elementor-widget-divider\" data-id=\"1806333c\" data-element_type=\"widget\" data-widget_type=\"divider.default\">\n\t\t\t\t<div class=\"elementor-widget-container\">\n\t\t\t\t\t<div class=\"elementor-divider\">\n\t\t\t<span class=\"elementor-divider-separator\">\n\t\t\t\t\t\t<\/span>\n\t\t<\/div>\n\t\t\t\t<\/div>\n\t\t\t\t<\/div>\n\t\t\t\t<div class=\"elementor-element elementor-element-2e002bfd elementor-widget elementor-widget-text-editor\" data-id=\"2e002bfd\" data-element_type=\"widget\" data-widget_type=\"text-editor.default\">\n\t\t\t\t<div class=\"elementor-widget-container\">\n\t\t\t\t\t\t\t\t<p>Le permis B bo\u00eete automatique ne permet de conduire que des v\u00e9hicules \u00e9quip\u00e9s d\u2019une boite de vitesses automatique et\/ou manuelle (ex : bo\u00eete s\u00e9quentielle) et d&rsquo;un embrayage automatique.<\/p>\t\t\t\t\t\t<\/div>\n\t\t\t\t<\/div>\n\t\t\t\t\t<\/div>\n\t\t<\/div>\n\t\t\t\t<div class=\"elementor-column elementor-col-50 elementor-inner-column elementor-element elementor-element-171ed94f\" data-id=\"171ed94f\" data-element_type=\"column\">\n\t\t\t<div class=\"elementor-widget-wrap elementor-element-populated\">\n\t\t\t\t\t\t\t\t<div class=\"elementor-element elementor-element-7f0628c7 elementor-widget elementor-widget-heading\" data-id=\"7f0628c7\" data-element_type=\"widget\" data-widget_type=\"heading.default\">\n\t\t\t\t<div class=\"elementor-widget-container\">\n\t\t\t<h4 class=\"elementor-heading-title elementor-size-default\">Comment se d\u00e9roule la formation ?<\/h4>\t\t<\/div>\n\t\t\t\t<\/div>\n\t\t\t\t<div class=\"elementor-element elementor-element-31f72d97 elementor-widget-divider--view-line elementor-widget elementor-widget-divider\" data-id=\"31f72d97\" data-element_type=\"widget\" data-widget_type=\"divider.default\">\n\t\t\t\t<div class=\"elementor-widget-container\">\n\t\t\t\t\t<div class=\"elementor-divider\">\n\t\t\t<span class=\"elementor-divider-separator\">\n\t\t\t\t\t\t<\/span>\n\t\t<\/div>\n\t\t\t\t<\/div>\n\t\t\t\t<\/div>\n\t\t\t\t<div class=\"elementor-element elementor-element-52e9ea24 elementor-widget elementor-widget-text-editor\" data-id=\"52e9ea24\" data-element_type=\"widget\" data-widget_type=\"text-editor.default\">\n\t\t\t\t<div class=\"elementor-widget-container\">\n\t\t\t\t\t\t\t\t<p>Depuis 2017, les candidats au permis bo\u00eete automatique ont la possibilit\u00e9 de passer l&rsquo;examen \u00e0 l&rsquo;issue des 13 heures de formation requises.<\/p><p>A l&rsquo;exception de cette diff\u00e9rence et du fait que la voiture est \u00e9quip\u00e9e d&rsquo;une bo\u00eete de vitesse automatique, les d\u00e9roul\u00e9s de la formation et de l&rsquo;examen sont les m\u00eame que pour le permis B.<\/p>\t\t\t\t\t\t<\/div>\n\t\t\t\t<\/div>\n\t\t\t\t\t<\/div>\n\t\t<\/div>\n\t\t\t\t\t\t\t<\/div>\n\t\t<\/section>\n\t\t\t\t<section class=\"elementor-section elementor-inner-section elementor-element elementor-element-222d81f1 elementor-section-content-middle elementor-section-boxed elementor-section-height-default elementor-section-height-default\" data-id=\"222d81f1\" data-element_type=\"section\">\n\t\t\t\t\t\t<div class=\"elementor-container elementor-column-gap-no\">\n\t\t\t\t\t<div class=\"elementor-column elementor-col-50 elementor-inner-column elementor-element elementor-element-1ebda4b0\" data-id=\"1ebda4b0\" data-element_type=\"column\">\n\t\t\t<div class=\"elementor-widget-wrap elementor-element-populated\">\n\t\t\t\t\t\t\t\t<div class=\"elementor-element elementor-element-62023e6e elementor-widget elementor-widget-heading\" data-id=\"62023e6e\" data-element_type=\"widget\" data-widget_type=\"heading.default\">\n\t\t\t\t<div class=\"elementor-widget-container\">\n\t\t\t<h4 class=\"elementor-heading-title elementor-size-default\">Pourquoi choisir le permis bo\u00eete de vitesses automatique ?\n<\/h4>\t\t<\/div>\n\t\t\t\t<\/div>\n\t\t\t\t<div class=\"elementor-element elementor-element-7eb94b16 elementor-widget-divider--view-line elementor-widget elementor-widget-divider\" data-id=\"7eb94b16\" data-element_type=\"widget\" data-widget_type=\"divider.default\">\n\t\t\t\t<div class=\"elementor-widget-container\">\n\t\t\t\t\t<div class=\"elementor-divider\">\n\t\t\t<span class=\"elementor-divider-separator\">\n\t\t\t\t\t\t<\/span>\n\t\t<\/div>\n\t\t\t\t<\/div>\n\t\t\t\t<\/div>\n\t\t\t\t<div class=\"elementor-element elementor-element-2565d540 elementor-widget elementor-widget-text-editor\" data-id=\"2565d540\" data-element_type=\"widget\" data-widget_type=\"text-editor.default\">\n\t\t\t\t<div class=\"elementor-widget-container\">\n\t\t\t\t\t\t\t\t<p>Certains candidats font le choix de passer leur permis dans une voiture \u00e9quip\u00e9e d&rsquo;une bo\u00eete automatique.<\/p><p>Souvent, ce choix se justifie par une plus grande simplicit\u00e9 de la conduite qui permet au candidat de se concentrer davantage sur son environnement et augmenter ainsi sa s\u00e9curit\u00e9, et celle des autres, sur la route.<\/p>\t\t\t\t\t\t<\/div>\n\t\t\t\t<\/div>\n\t\t\t\t\t<\/div>\n\t\t<\/div>\n\t\t\t\t<div class=\"elementor-column elementor-col-50 elementor-inner-column elementor-element elementor-element-1ec27797\" data-id=\"1ec27797\" data-element_type=\"column\">\n\t\t\t<div class=\"elementor-widget-wrap elementor-element-populated\">\n\t\t\t\t\t\t\t\t<div class=\"elementor-element elementor-element-c5f93a4 elementor-widget elementor-widget-heading\" data-id=\"c5f93a4\" data-element_type=\"widget\" data-widget_type=\"heading.default\">\n\t\t\t\t<div class=\"elementor-widget-container\">\n\t\t\t<h4 class=\"elementor-heading-title elementor-size-default\">COMMENT CONVERTIR SON PERMIS BO\u00ceTE AUTOMATIQUE EN PERMIS B MANUEL ?\u200b<\/h4>\t\t<\/div>\n\t\t\t\t<\/div>\n\t\t\t\t<div class=\"elementor-element elementor-element-76dc4eae elementor-widget-divider--view-line elementor-widget elementor-widget-divider\" data-id=\"76dc4eae\" data-element_type=\"widget\" data-widget_type=\"divider.default\">\n\t\t\t\t<div class=\"elementor-widget-container\">\n\t\t\t\t\t<div class=\"elementor-divider\">\n\t\t\t<span class=\"elementor-divider-separator\">\n\t\t\t\t\t\t<\/span>\n\t\t<\/div>\n\t\t\t\t<\/div>\n\t\t\t\t<\/div>\n\t\t\t\t<div class=\"elementor-element elementor-element-1808702 elementor-widget elementor-widget-text-editor\" data-id=\"1808702\" data-element_type=\"widget\" data-widget_type=\"text-editor.default\">\n\t\t\t\t<div class=\"elementor-widget-container\">\n\t\t\t\t\t\t\t\t<p><strong>Une formation de 7 heures<\/strong>\u00a0remplace la proc\u00e9dure de r\u00e9gularisation consistant \u00e0 repasser l\u2019examen de conduite devant un inspecteur, charg\u00e9 de v\u00e9rifier l\u2019aptitude du conducteur \u00e0 utiliser efficacement les commandes d\u2019un v\u00e9hicule \u00e0 bo\u00eete manuelle.<\/p><p>Attention, seules les \u00e9coles labellis\u00e9es \u00ab\u00c9cole, conduite, qualit\u00e9\u00bb peuvent proposer cette formation de 7 heures.<\/p>\t\t\t\t\t\t<\/div>\n\t\t\t\t<\/div>\n\t\t\t\t\t<\/div>\n\t\t<\/div>\n\t\t\t\t\t\t\t<\/div>\n\t\t<\/section>\n\t\t\t\t\t<\/div>\n\t\t<\/div>\n\t\t\t\t\t\t\t<\/div>\n\t\t<\/section>\n\t\t\t\t\t\t<\/div>\n\t\t\t\t\t<\/div>\n\t\t","protected":false},"excerpt":{"rendered":"<p>Passer le permis bo\u00eete de vitesses automatique Depuis le 1er janvier 2017, les titulaires du permis B limit\u00e9 aux v\u00e9hicules \u00e9quip\u00e9s d\u2019une bo\u00eete de vitesses automatique peuvent conduire un v\u00e9hicule en bo\u00eete manuelle de m\u00eame cat\u00e9gorie \u00e0 condition de suivre une formation de 7 heures minimum. D\u00e9roulement de la formation \u00c9valuation Faire le point sur [&hellip;]<\/p>\n","protected":false},"author":3,"featured_media":0,"parent":0,"menu_order":0,"comment_status":"closed","ping_status":"closed","template":"","meta":{"spay_email":""},"yoast_head":"<!-- This site is optimized with the Yoast SEO plugin v16.7 - https:\/\/yoast.com\/wordpress\/plugins\/seo\/ -->\n<title>Passerelle - La Clef du Permis<\/title>\n<meta name=\"robots\" content=\"index, follow, max-snippet:-1, max-image-preview:large, max-video-preview:-1\" \/>\n<link rel=\"canonical\" href=\"https:\/\/laclefdupermis.com\/index.php\/passerelle\/\" \/>\n<meta property=\"og:locale\" content=\"fr_FR\" \/>\n<meta property=\"og:type\" content=\"article\" \/>\n<meta property=\"og:title\" content=\"Passerelle - La Clef du Permis\" \/>\n<meta property=\"og:description\" content=\"Passer le permis bo\u00eete de vitesses automatique Depuis le 1er janvier 2017, les titulaires du permis B limit\u00e9 aux v\u00e9hicules \u00e9quip\u00e9s d\u2019une bo\u00eete de vitesses automatique peuvent conduire un v\u00e9hicule en bo\u00eete manuelle de m\u00eame cat\u00e9gorie \u00e0 condition de suivre une formation de 7 heures minimum. D\u00e9roulement de la formation \u00c9valuation Faire le point sur [&hellip;]\" \/>\n<meta property=\"og:url\" content=\"https:\/\/laclefdupermis.com\/index.php\/passerelle\/\" \/>\n<meta property=\"og:site_name\" content=\"La Clef du Permis\" \/>\n<meta property=\"article:modified_time\" content=\"2023-09-01T09:58:10+00:00\" \/>\n<meta name=\"twitter:card\" content=\"summary_large_image\" \/>\n<meta name=\"twitter:label1\" content=\"Dur\u00e9e de lecture est.\" \/>\n\t<meta name=\"twitter:data1\" content=\"2 minutes\" \/>\n<script type=\"application\/ld+json\" class=\"yoast-schema-graph\">{\"@context\":\"https:\/\/schema.org\",\"@graph\":[{\"@type\":\"WebSite\",\"@id\":\"https:\/\/laclefdupermis.com\/#website\",\"url\":\"https:\/\/laclefdupermis.com\/\",\"name\":\"La Clef du Permis\",\"description\":\"Passez votre permis rapidement\",\"potentialAction\":[{\"@type\":\"SearchAction\",\"target\":{\"@type\":\"EntryPoint\",\"urlTemplate\":\"https:\/\/laclefdupermis.com\/?s={search_term_string}\"},\"query-input\":\"required name=search_term_string\"}],\"inLanguage\":\"fr-FR\"},{\"@type\":\"WebPage\",\"@id\":\"https:\/\/laclefdupermis.com\/index.php\/passerelle\/#webpage\",\"url\":\"https:\/\/laclefdupermis.com\/index.php\/passerelle\/\",\"name\":\"Passerelle - La Clef du Permis\",\"isPartOf\":{\"@id\":\"https:\/\/laclefdupermis.com\/#website\"},\"datePublished\":\"2023-08-02T07:29:00+00:00\",\"dateModified\":\"2023-09-01T09:58:10+00:00\",\"breadcrumb\":{\"@id\":\"https:\/\/laclefdupermis.com\/index.php\/passerelle\/#breadcrumb\"},\"inLanguage\":\"fr-FR\",\"potentialAction\":[{\"@type\":\"ReadAction\",\"target\":[\"https:\/\/laclefdupermis.com\/index.php\/passerelle\/\"]}]},{\"@type\":\"BreadcrumbList\",\"@id\":\"https:\/\/laclefdupermis.com\/index.php\/passerelle\/#breadcrumb\",\"itemListElement\":[{\"@type\":\"ListItem\",\"position\":1,\"name\":\"Accueil\",\"item\":\"https:\/\/laclefdupermis.com\/\"},{\"@type\":\"ListItem\",\"position\":2,\"name\":\"Passerelle\"}]}]}<\/script>\n<!-- \/ Yoast SEO plugin. -->","yoast_head_json":{"title":"Passerelle - La Clef du Permis","robots":{"index":"index","follow":"follow","max-snippet":"max-snippet:-1","max-image-preview":"max-image-preview:large","max-video-preview":"max-video-preview:-1"},"canonical":"https:\/\/laclefdupermis.com\/index.php\/passerelle\/","og_locale":"fr_FR","og_type":"article","og_title":"Passerelle - La Clef du Permis","og_description":"Passer le permis bo\u00eete de vitesses automatique Depuis le 1er janvier 2017, les titulaires du permis B limit\u00e9 aux v\u00e9hicules \u00e9quip\u00e9s d\u2019une bo\u00eete de vitesses automatique peuvent conduire un v\u00e9hicule en bo\u00eete manuelle de m\u00eame cat\u00e9gorie \u00e0 condition de suivre une formation de 7 heures minimum. D\u00e9roulement de la formation \u00c9valuation Faire le point sur [&hellip;]","og_url":"https:\/\/laclefdupermis.com\/index.php\/passerelle\/","og_site_name":"La Clef du Permis","article_modified_time":"2023-09-01T09:58:10+00:00","twitter_card":"summary_large_image","twitter_misc":{"Dur\u00e9e de lecture est.":"2 minutes"},"schema":{"@context":"https:\/\/schema.org","@graph":[{"@type":"WebSite","@id":"https:\/\/laclefdupermis.com\/#website","url":"https:\/\/laclefdupermis.com\/","name":"La Clef du Permis","description":"Passez votre permis rapidement","potentialAction":[{"@type":"SearchAction","target":{"@type":"EntryPoint","urlTemplate":"https:\/\/laclefdupermis.com\/?s={search_term_string}"},"query-input":"required name=search_term_string"}],"inLanguage":"fr-FR"},{"@type":"WebPage","@id":"https:\/\/laclefdupermis.com\/index.php\/passerelle\/#webpage","url":"https:\/\/laclefdupermis.com\/index.php\/passerelle\/","name":"Passerelle - La Clef du Permis","isPartOf":{"@id":"https:\/\/laclefdupermis.com\/#website"},"datePublished":"2023-08-02T07:29:00+00:00","dateModified":"2023-09-01T09:58:10+00:00","breadcrumb":{"@id":"https:\/\/laclefdupermis.com\/index.php\/passerelle\/#breadcrumb"},"inLanguage":"fr-FR","potentialAction":[{"@type":"ReadAction","target":["https:\/\/laclefdupermis.com\/index.php\/passerelle\/"]}]},{"@type":"BreadcrumbList","@id":"https:\/\/laclefdupermis.com\/index.php\/passerelle\/#breadcrumb","itemListElement":[{"@type":"ListItem","position":1,"name":"Accueil","item":"https:\/\/laclefdupermis.com\/"},{"@type":"ListItem","position":2,"name":"Passerelle"}]}]}},"jetpack_sharing_enabled":true,"jetpack_likes_enabled":true,"_links":{"self":[{"href":"https:\/\/laclefdupermis.com\/index.php\/wp-json\/wp\/v2\/pages\/2786"}],"collection":[{"href":"https:\/\/laclefdupermis.com\/index.php\/wp-json\/wp\/v2\/pages"}],"about":[{"href":"https:\/\/laclefdupermis.com\/index.php\/wp-json\/wp\/v2\/types\/page"}],"author":[{"embeddable":true,"href":"https:\/\/laclefdupermis.com\/index.php\/wp-json\/wp\/v2\/users\/3"}],"replies":[{"embeddable":true,"href":"https:\/\/laclefdupermis.com\/index.php\/wp-json\/wp\/v2\/comments?post=2786"}],"version-history":[{"count":41,"href":"https:\/\/laclefdupermis.com\/index.php\/wp-json\/wp\/v2\/pages\/2786\/revisions"}],"predecessor-version":[{"id":2884,"href":"https:\/\/laclefdupermis.com\/index.php\/wp-json\/wp\/v2\/pages\/2786\/revisions\/2884"}],"wp:attachment":[{"href":"https:\/\/laclefdupermis.com\/index.php\/wp-json\/wp\/v2\/media?parent=2786"}],"curies":[{"name":"wp","href":"https:\/\/api.w.org\/{rel}","templated":true}]}}