{"id":2229,"date":"2021-12-09T08:55:26","date_gmt":"2021-12-09T07:55:26","guid":{"rendered":"https:\/\/laclefdupermis.com\/?page_id=2229"},"modified":"2022-09-08T13:49:45","modified_gmt":"2022-09-08T11:49:45","slug":"cookie-policy","status":"publish","type":"page","link":"https:\/\/laclefdupermis.com\/index.php\/cookie-policy\/","title":{"rendered":"Cookie Policy"},"content":{"rendered":"\t\t<div data-elementor-type=\"wp-page\" data-elementor-id=\"2229\" class=\"elementor elementor-2229\" data-elementor-settings=\"[]\">\n\t\t\t\t\t\t\t<div class=\"elementor-section-wrap\">\n\t\t\t\t\t\t\t<section class=\"elementor-section elementor-top-section elementor-element elementor-element-31d2592a elementor-section-boxed elementor-section-height-default elementor-section-height-default\" data-id=\"31d2592a\" data-element_type=\"section\">\n\t\t\t\t\t\t<div class=\"elementor-container elementor-column-gap-default\">\n\t\t\t\t\t<div class=\"elementor-column elementor-col-100 elementor-top-column elementor-element elementor-element-620a8525\" data-id=\"620a8525\" data-element_type=\"column\">\n\t\t\t<div class=\"elementor-widget-wrap elementor-element-populated\">\n\t\t\t\t\t\t\t\t<div class=\"elementor-element elementor-element-64f8b1e7 elementor-widget elementor-widget-text-editor\" data-id=\"64f8b1e7\" data-element_type=\"widget\" data-widget_type=\"text-editor.default\">\n\t\t\t\t<div class=\"elementor-widget-container\">\n\t\t\t\t\t\t\t\t<div class=\"cli_pg_page_contaner\"><p>Les donn\u00e9es collect\u00e9es sont destin\u00e9es au traitement des demandes faites par l\u2019usager aupr\u00e8s de nos services. La Clef du permis ne traite les donn\u00e9es personnelles que pour des finalit\u00e9s d\u00e9termin\u00e9es, explicites et l\u00e9gitimes.\u00a0<strong>La Clef Du Permis <\/strong>ne traite pas ces donn\u00e9es de mani\u00e8re incompatible avec ces finalit\u00e9s. La Clef Du Permis effectue ces traitements de donn\u00e9es personnelles dans le cadre de ses prestations. Les finalit\u00e9s poursuivies par\u00a0<strong>La Clef Du Permis <\/strong>\u00a0sont les suivantes\u00a0:<\/p><ul><li>G\u00e9rer l\u2019identit\u00e9 du client ou de l\u2019utilisateur et l\u2019authentifier<\/li><li>Assurer le service<\/li><li>G\u00e9rer les donn\u00e9es personnelles, caract\u00e9ristiques et droits d\u2019un contrat<\/li><li>Communiquer au titre de la gestion de la client\u00e8le<\/li><li>G\u00e9rer les courriers entrants<\/li><li>G\u00e9rer les demandes relatives aux droits des personnes concern\u00e9es<\/li><li>Stocker des donn\u00e9es du client ou d\u2019un usager ou d\u2019un prospect<\/li><li>Proposer des services d\u2019authentification<\/li><\/ul><p>Vos donn\u00e9es sont conserv\u00e9es pour la dur\u00e9e n\u00e9cessaire \u00e0 l\u2019accomplissement des finalit\u00e9s mentionn\u00e9es ci-dessus. S\u2019agissant des traitements relatifs \u00e0 l\u2019ex\u00e9cution du contrat, les donn\u00e9es peuvent \u00eatre conserv\u00e9es au maximum pour une dur\u00e9e de trois ans \u00e0 compter de la fin de la relation.<\/p><p><strong>La Clef du permis <\/strong>r\u00e9alise \u00e9galement des traitements de donn\u00e9es pour d\u2019autres finalit\u00e9s que la stricte ex\u00e9cution des contrats.<\/p><p>Les traitements pourront faire l\u2019objet, autant que de besoin, du recueil de votre consentement, que vous pourrez retirer \u00e0 tout moment.<\/p><p>Les finalit\u00e9s poursuivies par La Clef Du Permis\u00a0sont les suivantes\u00a0:<\/p><ul><li>Organiser des op\u00e9rations de prospection commerciale<\/li><li>Organiser des \u00e9v\u00e8nements divers d\u2019information<\/li><li>Sonder les clients ou les usagers<\/li><li>Am\u00e9liorer les offres et la relation client<\/li><\/ul><p>Vos donn\u00e9es sont conserv\u00e9es pour la dur\u00e9e n\u00e9cessaire \u00e0 l\u2019accomplissement des finalit\u00e9s mentionn\u00e9es ci-dessus.<\/p><p><strong>La Clef Du Permis<\/strong>\u00a0traite \u00e9galement vos donn\u00e9es pour r\u00e9pondre \u00e0 ses obligations l\u00e9gales ou r\u00e9glementaires.<\/p><p>Les finalit\u00e9s poursuivies par\u00a0<strong>La Clef Du Permis<\/strong>\u00a0sont les suivantes\u00a0:<\/p><ul><li>Conserver les donn\u00e9es requises pour \u00eatre en mesure de r\u00e9pondre aux obligations l\u00e9gales.<\/li><\/ul><p>Vos donn\u00e9es peuvent \u00eatre conserv\u00e9es le temps n\u00e9cessaire pour permettre \u00e0 La Clef Du Permis\u00a0de r\u00e9pondre \u00e0 ses obligations l\u00e9gales.<\/p><p><strong>La Clef Du Permis<\/strong>\u00a0est \u00e9galement susceptible de r\u00e9aliser des traitements de vos donn\u00e9es \u00e0 des fins statistiques, d\u2019enqu\u00eates ou d\u2019\u00e9tudes, y compris en commercialisant les statistiques obtenues. Dans ce cas l\u2019ensemble des donn\u00e9es est pr\u00e9alablement rendu anonyme.<\/p><h2><strong>Quelles sont les donn\u00e9es trait\u00e9es\u00a0?<\/strong><\/h2><p>Les donn\u00e9es collect\u00e9es sont en lien avec les finalit\u00e9s d\u00e9finies. Elles peuvent \u00eatre\u00a0:<\/p><p>La civilit\u00e9, Nom, Pr\u00e9nom, les coordonn\u00e9es t\u00e9l\u00e9phoniques, l\u2019adresse email, l\u2019entreprise, le secteur d\u2019activit\u00e9, la fonction professionnelle, l\u2019adresse (Code postal, Commune),\u00a0la formation initiale et professionnelle, donn\u00e9es de localisation\u2026<\/p><h2>COMMENTAIRES<\/h2><p>Quand vous laissez un commentaire sur notre site web, les donn\u00e9es inscrites dans le formulaire de commentaire, mais aussi votre adresse IP et l\u2019agent utilisateur de votre navigateur sont collect\u00e9s pour nous aider \u00e0 la d\u00e9tection des commentaires ind\u00e9sirables.<\/p><h2>M\u00c9DIAS<\/h2><p>Si vous \u00eates un utilisateur ou une utilisatrice enregistr\u00e9e et que vous t\u00e9l\u00e9versez des images sur le site web, nous vous conseillons d\u2019\u00e9viter de t\u00e9l\u00e9verser des images contenant des donn\u00e9es EXIF de coordonn\u00e9es GPS. Les visiteurs de votre site web peuvent t\u00e9l\u00e9charger et extraire des donn\u00e9es de localisation depuis ces images.<\/p><h2>FORMULAIRES DE CONTACT<\/h2><p>En soumettant le formulaire de Contact, vous acceptez que les informations saisies dans ce formulaire soient utilis\u00e9es pour faire l\u2019objet d\u2019un traitement informatis\u00e9 ayant pour objectif de r\u00e9pondre \u00e0 vos sollicitations (Nom, Pr\u00e9nom, Adresse mail, Num\u00e9ro de t\u00e9l\u00e9phone, Entreprise\u2026). Ces informations seront trait\u00e9es par La Clef Du Permis. Vos donn\u00e9es sont conserv\u00e9es pour la finalit\u00e9 ci-dessus. Nous ne commercialisons pas les donn\u00e9es collect\u00e9es.<\/p><h2>COOKIES<\/h2><p>Lors de votre premi\u00e8re connexion sur le site web\u00a0<strong>laclefdupermis.com<\/strong>, vous \u00eates avertis par un bandeau en bas de votre \u00e9cran que des informations relatives \u00e0 votre navigation sont susceptibles d\u2019\u00eatre enregistr\u00e9es dans des fichiers d\u00e9nomm\u00e9s \u00ab cookies \u00bb.Notre politique d\u2019utilisation des cookies vous permet de mieux comprendre les dispositions que nous mettons en \u0153uvre en mati\u00e8re de navigation sur notre site web. Elle vous informe notamment sur l\u2019ensemble des cookies pr\u00e9sents sur notre site web, leur finalit\u00e9 et vous donne la marche \u00e0 suivre pour les param\u00e9trer. <strong>La Clef Du Permis<\/strong>, en tant qu\u2019\u00e9diteur du pr\u00e9sent site web, pourra proc\u00e9der \u00e0 l\u2019implantation d\u2019un cookie sur le disque dur de votre terminal (ordinateur, tablette, mobile etc.) afin de vous garantir une navigation fluide et optimale sur notre site Internet. Les \u00ab cookies \u00bb (ou t\u00e9moins de connexion) sont des petits fichiers texte de taille limit\u00e9e qui nous permettent de reconna\u00eetre votre ordinateur, votre tablette ou votre mobile aux fins de personnaliser les services que nous vous proposons. Les informations recueillies par le biais des cookies ne permettent en aucune mani\u00e8re de vous identifier nominativement. Elles sont utilis\u00e9es exclusivement pour nos besoins propres afin d\u2019am\u00e9liorer l\u2019interactivit\u00e9 et la performance de notre site web et de vous adresser des contenus adapt\u00e9s \u00e0 vos centres d\u2019int\u00e9r\u00eats. Aucune de ces informations ne fait l\u2019objet d\u2019une communication aupr\u00e8s de tiers sauf lorsque La Clef Du Permis<strong>\u00a0<\/strong>a obtenu au pr\u00e9alable votre consentement ou bien lorsque la divulgation de ces informations est requise par la loi, sur ordre d\u2019un tribunal ou toute autorit\u00e9 administrative ou judiciaire habilit\u00e9e \u00e0 en conna\u00eetre.<\/p><p>Vous pouvez accepter ou refuser le d\u00e9p\u00f4t de cookies lors de votre premi\u00e8re connexion au site.<\/p><p>Lors de votre premi\u00e8re connexion, une banni\u00e8re pr\u00e9sentant bri\u00e8vement des informations relatives au d\u00e9p\u00f4t de cookies et de technologies similaires appara\u00eet en bas de votre \u00e9cran. Cette banni\u00e8re vous avertit qu\u2019en poursuivant votre navigation (en chargeant une nouvelle page ou en cliquant sur divers \u00e9l\u00e9ments du site par exemple), vous acceptez le d\u00e9p\u00f4t de cookies sur votre terminal. Vous \u00eates \u00e9galement r\u00e9put\u00e9 avoir donn\u00e9 votre accord au d\u00e9p\u00f4t de cookies en cliquant sur l\u2019ic\u00f4ne \u00ab X \u00bb \u00e0 droite de la banni\u00e8re figurant en bas de votre \u00e9cran.<\/p><p>Selon le type de cookie en cause, le recueil de votre consentement au d\u00e9p\u00f4t et \u00e0 la lecture de cookies sur votre terminal peut \u00eatre imp\u00e9ratif.<\/p><p><strong>1 \u2013 Les cookies exempt\u00e9s de consentement<\/strong><\/p><p>Conform\u00e9ment aux recommandations de la CNIL, certains cookies sont dispens\u00e9s du recueil pr\u00e9alable de votre consentement dans la mesure o\u00f9 ils sont strictement n\u00e9cessaires au fonctionnement du site internet ou ont pour finalit\u00e9 exclusive de permettre ou faciliter la communication par voie \u00e9lectronique. Il s\u2019agit notamment des cookies d\u2019identifiant de session, d\u2019authentification, de session d\u2019\u00e9quilibrage de charge ainsi que des cookies de personnalisation de votre interface.<\/p><p><strong>2 \u2013 Les cookies n\u00e9cessitant le recueil pr\u00e9alable de votre consentement<\/strong><\/p><p>Cette exigence concerne les cookies \u00e9mis par des tiers et qui sont qualifi\u00e9s de \u00ab persistants \u00bb dans la mesure o\u00f9 ils demeurent dans votre terminal jusqu\u2019\u00e0 leur effacement ou leur date d\u2019expiration.<\/p><p>De tels cookies \u00e9tant \u00e9mis par des tiers, leur utilisation et leur d\u00e9p\u00f4t sont soumis \u00e0 leurs propres politiques de confidentialit\u00e9 dont vous trouverez un lien ci-dessous. Cette famille de cookie regroupe les cookies de mesure d\u2019audience (notamment Google Analytics), les cookies publicitaires (auxquels\u00a0<strong>La Clef Du Permis<\/strong>\u00a0n\u2019a pas recours) ainsi que les cookies de partage de r\u00e9seaux sociaux (notamment de Facebook, YouTube, et LinkedIn).<\/p><p>Les cookies de mesure d\u2019audience \u00e9tablissent des statistiques concernant la fr\u00e9quentation et l\u2019utilisation de divers \u00e9l\u00e9ments du site web (comme les contenus\/pages que vous avez visit\u00e9s). Ces donn\u00e9es participent \u00e0 l\u2019am\u00e9lioration de l\u2019ergonomie du site web de\u00a0<strong>La Clef Du Permis<\/strong>. Un outil de mesure d\u2019audience est utilis\u00e9 sur le pr\u00e9sent site internet :<\/p><p>o\u00a0<strong>Google Analytics\u00a0<\/strong>dont la politique de confidentialit\u00e9 est disponible \u00e0 partir du lien suivant :\u00a0<a href=\"https:\/\/privacy.google.com\/intl\/fr_fr\/businesses\/compliance\/#?modal_active=none\" target=\"_blank\" rel=\"noopener\">https:\/\/privacy.google.com\/intl\/fr_fr\/businesses\/compliance\/\u00a0<\/a><\/p><p>Les cookies de partage des r\u00e9seaux sociaux sont \u00e9mis et g\u00e9r\u00e9s par l\u2019\u00e9diteur du r\u00e9seau social concern\u00e9. Sous r\u00e9serve de votre consentement, ces cookies vous permettent de partager facilement une partie du contenu publi\u00e9 sur le site, notamment par l\u2019interm\u00e9diaire d\u2019un \u00ab bouton \u00bb applicatif de partage selon le r\u00e9seau social concern\u00e9. Trois types de cookies de partage des r\u00e9seaux sociaux sont pr\u00e9sents :<\/p><p>o\u00a0<strong>Facebook<\/strong>, dont vous pouvez consulter la politique en mati\u00e8re de cookies en cliquant sur le lien suivant :\u00a0<a href=\"https:\/\/fr-fr.facebook.com\/policies\/cookies\/\" target=\"_blank\" rel=\"noopener\">https:\/\/fr-fr.facebook.com\/policies\/cookies\/<\/a><\/p><p>o\u00a0<strong>LinkedIn<\/strong>, dont vous trouverez la politique relative aux cookies en cliquant sur le lien suivant :\u00a0<a href=\"https:\/\/www.linkedin.com\/legal\/cookie-policy?_l=fr_FR\" target=\"_blank\" rel=\"noopener\">https:\/\/www.linkedin.com\/legal\/cookie-policy?_l=fr_FR<\/a><\/p><p>o\u00a0<strong>YouTube<\/strong>, dont vous trouverez l\u2019aide n\u00e9cessaire pour supprimer les cookies \u00e0 partir du navigateur Google Chrome en cliquant sur le lien suivant :\u00a0<a href=\"https:\/\/support.google.com\/youtube\/answer\/32050?hl=fr\" target=\"_blank\" rel=\"noopener\">https:\/\/support.google.com\/youtube\/answer\/32050?hl=fr<\/a>\u00a0mais \u00e9galement la politique compl\u00e8te en mati\u00e8re de cookies \u00e0 partir du lien suivant :\u00a0<a href=\"https:\/\/www.google.fr\/intl\/fr\/policies\/technologies\/cookies\/\" target=\"_blank\" rel=\"noopener\">https:\/\/www.google.fr\/intl\/fr\/policies\/technologies\/cookies\/<\/a><\/p><p><strong>3 \u2013 Vous disposez de divers outils de param\u00e9trage des cookies<\/strong><\/p><p>La plupart des navigateurs Internet sont configur\u00e9s par d\u00e9faut de fa\u00e7on \u00e0 ce que le d\u00e9p\u00f4t de cookies soit autoris\u00e9. Votre navigateur vous offre l\u2019opportunit\u00e9 de modifier ces param\u00e8tres standards de mani\u00e8re \u00e0 ce que l\u2019ensemble des cookies soit rejet\u00e9 syst\u00e9matiquement ou bien \u00e0 ce qu\u2019une partie seulement des cookies soit accept\u00e9e ou refus\u00e9e en fonction de leur \u00e9metteur.<\/p><p>ATTENTION : Nous attirons votre attention sur le fait que le refus du d\u00e9p\u00f4t de cookies sur votre terminal est n\u00e9anmoins susceptible d\u2019alt\u00e9rer votre exp\u00e9rience d\u2019utilisateur ainsi que votre acc\u00e8s \u00e0 certains services ou fonctionnalit\u00e9s du pr\u00e9sent site web. Le cas \u00e9ch\u00e9ant, <b>La Clef Du Permis <\/b>d\u00e9cline toute responsabilit\u00e9 concernant les cons\u00e9quences li\u00e9es \u00e0 la d\u00e9gradation de vos conditions de navigation qui interviennent en raison de votre choix de refuser, supprimer ou bloquer les cookies n\u00e9cessaires au fonctionnement du site. Ces cons\u00e9quences ne sauraient constituer un dommage et vous ne pourrez pr\u00e9tendre \u00e0 aucune indemnit\u00e9 de ce fait.<\/p><p>Votre navigateur vous permet \u00e9galement de supprimer les cookies existants sur votre terminal ou encore de vous signaler lorsque de nouveaux cookies sont susceptibles d\u2019\u00eatre d\u00e9pos\u00e9s sur votre terminal. Ces param\u00e9trages n\u2019ont pas d\u2019incidence sur votre navigation mais vous font perdre tout le b\u00e9n\u00e9fice apport\u00e9 par le cookie.<\/p><p>Veuillez ci-dessous prendre connaissance des multiples outils mis \u00e0 votre disposition afin que vous puissiez param\u00e9trer les cookies d\u00e9pos\u00e9s sur votre terminal.<\/p><p><strong>4 \u2013 Le param\u00e9trage de votre navigateur Internet<\/strong><\/p><p>Chaque navigateur Internet propose ses propres param\u00e8tres de gestion des cookies. Pour savoir de quelle mani\u00e8re modifier vos pr\u00e9f\u00e9rences en mati\u00e8re de cookies, vous trouverez ci-dessous les liens vers l\u2019aide n\u00e9cessaire pour acc\u00e9der au menu de votre navigateur pr\u00e9vu \u00e0 cet effet :<\/p><p><strong>Chrome<\/strong>\u00a0:\u00a0<a href=\"https:\/\/support.google.com\/chrome\/answer\/95647?hl=fr\" target=\"_blank\" rel=\"noopener\">https:\/\/support.google.com\/chrome\/answer\/95647?hl=fr<\/a><\/p><p><strong>Firefox<\/strong>\u00a0:\u00a0<a href=\"https:\/\/support.mozilla.org\/fr\/kb\/activer-desactiver-cookies\" target=\"_blank\" rel=\"noopener\">https:\/\/support.mozilla.org\/fr\/kb\/activer-desactiver-cookies<\/a><\/p><p><strong>Internet Explorer<\/strong>\u00a0:\u00a0<a href=\"https:\/\/support.microsoft.com\/fr-fr\/help\/17442\/windows-internet-explorer-delete-manage-cookies#ie=ie-11\" target=\"_blank\" rel=\"noopener\">https:\/\/support.microsoft.com\/fr-fr\/help\/17442\/windows-internet-explorer-delete-manage-cookies#ie=ie-11<\/a><\/p><p><strong>Opera<\/strong>\u00a0:\u00a0http:\/\/help.opera.com\/Windows\/10.20\/fr\/cookies.html<\/p><p><strong>Safari<\/strong>\u00a0:\u00a0<a href=\"https:\/\/support.apple.com\/fr-fr\" target=\"_blank\" rel=\"noopener\">https:\/\/support.apple.com\/kb\/PH21411?viewlocale=fr_FR&amp;locale=fr_FR<\/a><\/p><p>Pour de plus amples informations concernant les outils de ma\u00eetrise des cookies, vous pouvez consulter le site internet de la CNIL :\u00a0<a href=\"https:\/\/www.cnil.fr\/fr\/cookies-les-outils-pour-les-maitriser\" target=\"_blank\" rel=\"noopener\">https:\/\/www.cnil.fr\/fr\/cookies-les-outils-pour-les-maitriser<\/a>.<\/p><h2>STATISTIQUES ET MESURES D\u2019AUDIENCE<\/h2><p>Nous utilisons des cookies de mesures d\u2019audiences avec l\u2019outil Google Analytics.Cookie d\u2019exclusion install\u00e9. Vos visites sur ce site web ne seront PAS enregistr\u00e9es par notre outil d\u2019analyse web.Note : si vous nettoyez vos cookies et supprimez le cookie d\u2019exclusion, ou bien si vous changez d\u2019ordinateur et\/ou de navigateur, il vous faudra de nouveau effectuer la proc\u00e9dure d\u2019exclusion.<\/p><h2>DUR\u00c9ES DE STOCKAGE DE VOS DONN\u00c9ES<\/h2><p>Si vous laissez un commentaire, le commentaire et ses m\u00e9tadonn\u00e9es sont conserv\u00e9s ind\u00e9finiment. Cela permet de reconna\u00eetre et approuver automatiquement les commentaires suivants au lieu de les laisser dans la file de mod\u00e9ration. Pour les utilisateurs et utilisatrices qui s\u2019inscrivent sur notre site (si cela est possible), nous stockons \u00e9galement les donn\u00e9es personnelles indiqu\u00e9es dans leur profil. Tous les utilisateurs et utilisatrices peuvent voir, modifier ou supprimer leurs informations personnelles \u00e0 tout moment (\u00e0 l\u2019exception de leur nom d\u2019utilisateur\u00b7ice). Les gestionnaires du site peuvent aussi voir et modifier ces informations.<\/p><p>\u00a0<\/p><h2>TRANSMISSION DE VOS DONN\u00c9ES PERSONNELLES<\/h2><p>Les commentaires des visiteurs peuvent \u00eatre v\u00e9rifi\u00e9s \u00e0 l\u2019aide d\u2019un service automatis\u00e9 de d\u00e9tection des commentaires ind\u00e9sirables.<\/p><ul><li>\u00a0<\/li><\/ul><h2>COMMENT VOS DONN\u00c9ES SONT-ELLES S\u00c9CURIS\u00c9ES ?<\/h2><p><strong>La Clef du Permis<\/strong>\u00a0s\u2019assure que vos donn\u00e9es sont trait\u00e9es en toute s\u00e9curit\u00e9 et confidentialit\u00e9, y compris lorsque certaines op\u00e9rations sont r\u00e9alis\u00e9es par des sous-traitants. A cet effet les mesures techniques et organisationnelles appropri\u00e9es pour \u00e9viter la perte, la mauvaise utilisation, l\u2019alt\u00e9ration et la suppression des donn\u00e9es personnelles vous concernant sont mises en place.<\/p><h2>PROC\u00c9DURES MISES EN \u0152UVRE EN CAS DE FUITE DE DONN\u00c9ES<\/h2><p><strong>La Clef du permis <\/strong>documente en interne l\u2019incident en d\u00e9terminant\u00a0:<\/p><ul><li>La nature de la violation<\/li><li>Si possible les cat\u00e9gories et le nombre approximatif de personnes concern\u00e9es par la violation<\/li><li>Les cat\u00e9gories et le nombre approximatif d\u2019enregistrements de donn\u00e9es \u00e0 caract\u00e8re personnel concern\u00e9s<\/li><li>D\u00e9crire les cons\u00e9quences probables de la violation de donn\u00e9es<\/li><li>D\u00e9crire les mesures prises ou que l\u2019on envisage de prendre pour \u00e9viter que cet incident se reproduire ou pour att\u00e9nuer les \u00e9ventuelles cons\u00e9quences n\u00e9gatives<\/li><\/ul><p>\u00a0<\/p><\/div>\t\t\t\t\t\t<\/div>\n\t\t\t\t<\/div>\n\t\t\t\t\t<\/div>\n\t\t<\/div>\n\t\t\t\t\t\t\t<\/div>\n\t\t<\/section>\n\t\t\t\t\t\t<\/div>\n\t\t\t\t\t<\/div>\n\t\t","protected":false},"excerpt":{"rendered":"<p>Les donn\u00e9es collect\u00e9es sont destin\u00e9es au traitement des demandes faites par l\u2019usager aupr\u00e8s de nos services. La Clef du permis ne traite les donn\u00e9es personnelles que pour des finalit\u00e9s d\u00e9termin\u00e9es, explicites et l\u00e9gitimes.\u00a0La Clef Du Permis ne traite pas ces donn\u00e9es de mani\u00e8re incompatible avec ces finalit\u00e9s. La Clef Du Permis effectue ces traitements de [&hellip;]<\/p>\n","protected":false},"author":3,"featured_media":0,"parent":0,"menu_order":0,"comment_status":"closed","ping_status":"closed","template":"","meta":{"spay_email":""},"yoast_head":"<!-- This site is optimized with the Yoast SEO plugin v16.7 - https:\/\/yoast.com\/wordpress\/plugins\/seo\/ -->\n<title>Cookie Policy - La Clef du Permis<\/title>\n<meta name=\"robots\" content=\"index, follow, max-snippet:-1, max-image-preview:large, max-video-preview:-1\" \/>\n<link rel=\"canonical\" href=\"https:\/\/laclefdupermis.com\/index.php\/cookie-policy\/\" \/>\n<meta property=\"og:locale\" content=\"fr_FR\" \/>\n<meta property=\"og:type\" content=\"article\" \/>\n<meta property=\"og:title\" content=\"Cookie Policy - La Clef du Permis\" \/>\n<meta property=\"og:description\" content=\"Les donn\u00e9es collect\u00e9es sont destin\u00e9es au traitement des demandes faites par l\u2019usager aupr\u00e8s de nos services. La Clef du permis ne traite les donn\u00e9es personnelles que pour des finalit\u00e9s d\u00e9termin\u00e9es, explicites et l\u00e9gitimes.\u00a0La Clef Du Permis ne traite pas ces donn\u00e9es de mani\u00e8re incompatible avec ces finalit\u00e9s. La Clef Du Permis effectue ces traitements de [&hellip;]\" \/>\n<meta property=\"og:url\" content=\"https:\/\/laclefdupermis.com\/index.php\/cookie-policy\/\" \/>\n<meta property=\"og:site_name\" content=\"La Clef du Permis\" \/>\n<meta property=\"article:modified_time\" content=\"2022-09-08T11:49:45+00:00\" \/>\n<meta name=\"twitter:card\" content=\"summary_large_image\" \/>\n<meta name=\"twitter:label1\" content=\"Dur\u00e9e de lecture est.\" \/>\n\t<meta name=\"twitter:data1\" content=\"9 minutes\" \/>\n<script type=\"application\/ld+json\" class=\"yoast-schema-graph\">{\"@context\":\"https:\/\/schema.org\",\"@graph\":[{\"@type\":\"WebSite\",\"@id\":\"https:\/\/laclefdupermis.com\/#website\",\"url\":\"https:\/\/laclefdupermis.com\/\",\"name\":\"La Clef du Permis\",\"description\":\"Passez votre permis rapidement\",\"potentialAction\":[{\"@type\":\"SearchAction\",\"target\":{\"@type\":\"EntryPoint\",\"urlTemplate\":\"https:\/\/laclefdupermis.com\/?s={search_term_string}\"},\"query-input\":\"required name=search_term_string\"}],\"inLanguage\":\"fr-FR\"},{\"@type\":\"WebPage\",\"@id\":\"https:\/\/laclefdupermis.com\/index.php\/cookie-policy\/#webpage\",\"url\":\"https:\/\/laclefdupermis.com\/index.php\/cookie-policy\/\",\"name\":\"Cookie Policy - La Clef du Permis\",\"isPartOf\":{\"@id\":\"https:\/\/laclefdupermis.com\/#website\"},\"datePublished\":\"2021-12-09T07:55:26+00:00\",\"dateModified\":\"2022-09-08T11:49:45+00:00\",\"breadcrumb\":{\"@id\":\"https:\/\/laclefdupermis.com\/index.php\/cookie-policy\/#breadcrumb\"},\"inLanguage\":\"fr-FR\",\"potentialAction\":[{\"@type\":\"ReadAction\",\"target\":[\"https:\/\/laclefdupermis.com\/index.php\/cookie-policy\/\"]}]},{\"@type\":\"BreadcrumbList\",\"@id\":\"https:\/\/laclefdupermis.com\/index.php\/cookie-policy\/#breadcrumb\",\"itemListElement\":[{\"@type\":\"ListItem\",\"position\":1,\"name\":\"Accueil\",\"item\":\"https:\/\/laclefdupermis.com\/\"},{\"@type\":\"ListItem\",\"position\":2,\"name\":\"Cookie Policy\"}]}]}<\/script>\n<!-- \/ Yoast SEO plugin. -->","yoast_head_json":{"title":"Cookie Policy - La Clef du Permis","robots":{"index":"index","follow":"follow","max-snippet":"max-snippet:-1","max-image-preview":"max-image-preview:large","max-video-preview":"max-video-preview:-1"},"canonical":"https:\/\/laclefdupermis.com\/index.php\/cookie-policy\/","og_locale":"fr_FR","og_type":"article","og_title":"Cookie Policy - La Clef du Permis","og_description":"Les donn\u00e9es collect\u00e9es sont destin\u00e9es au traitement des demandes faites par l\u2019usager aupr\u00e8s de nos services. La Clef du permis ne traite les donn\u00e9es personnelles que pour des finalit\u00e9s d\u00e9termin\u00e9es, explicites et l\u00e9gitimes.\u00a0La Clef Du Permis ne traite pas ces donn\u00e9es de mani\u00e8re incompatible avec ces finalit\u00e9s. La Clef Du Permis effectue ces traitements de [&hellip;]","og_url":"https:\/\/laclefdupermis.com\/index.php\/cookie-policy\/","og_site_name":"La Clef du Permis","article_modified_time":"2022-09-08T11:49:45+00:00","twitter_card":"summary_large_image","twitter_misc":{"Dur\u00e9e de lecture est.":"9 minutes"},"schema":{"@context":"https:\/\/schema.org","@graph":[{"@type":"WebSite","@id":"https:\/\/laclefdupermis.com\/#website","url":"https:\/\/laclefdupermis.com\/","name":"La Clef du Permis","description":"Passez votre permis rapidement","potentialAction":[{"@type":"SearchAction","target":{"@type":"EntryPoint","urlTemplate":"https:\/\/laclefdupermis.com\/?s={search_term_string}"},"query-input":"required name=search_term_string"}],"inLanguage":"fr-FR"},{"@type":"WebPage","@id":"https:\/\/laclefdupermis.com\/index.php\/cookie-policy\/#webpage","url":"https:\/\/laclefdupermis.com\/index.php\/cookie-policy\/","name":"Cookie Policy - La Clef du Permis","isPartOf":{"@id":"https:\/\/laclefdupermis.com\/#website"},"datePublished":"2021-12-09T07:55:26+00:00","dateModified":"2022-09-08T11:49:45+00:00","breadcrumb":{"@id":"https:\/\/laclefdupermis.com\/index.php\/cookie-policy\/#breadcrumb"},"inLanguage":"fr-FR","potentialAction":[{"@type":"ReadAction","target":["https:\/\/laclefdupermis.com\/index.php\/cookie-policy\/"]}]},{"@type":"BreadcrumbList","@id":"https:\/\/laclefdupermis.com\/index.php\/cookie-policy\/#breadcrumb","itemListElement":[{"@type":"ListItem","position":1,"name":"Accueil","item":"https:\/\/laclefdupermis.com\/"},{"@type":"ListItem","position":2,"name":"Cookie Policy"}]}]}},"jetpack_sharing_enabled":true,"jetpack_likes_enabled":true,"_links":{"self":[{"href":"https:\/\/laclefdupermis.com\/index.php\/wp-json\/wp\/v2\/pages\/2229"}],"collection":[{"href":"https:\/\/laclefdupermis.com\/index.php\/wp-json\/wp\/v2\/pages"}],"about":[{"href":"https:\/\/laclefdupermis.com\/index.php\/wp-json\/wp\/v2\/types\/page"}],"author":[{"embeddable":true,"href":"https:\/\/laclefdupermis.com\/index.php\/wp-json\/wp\/v2\/users\/3"}],"replies":[{"embeddable":true,"href":"https:\/\/laclefdupermis.com\/index.php\/wp-json\/wp\/v2\/comments?post=2229"}],"version-history":[{"count":10,"href":"https:\/\/laclefdupermis.com\/index.php\/wp-json\/wp\/v2\/pages\/2229\/revisions"}],"predecessor-version":[{"id":2308,"href":"https:\/\/laclefdupermis.com\/index.php\/wp-json\/wp\/v2\/pages\/2229\/revisions\/2308"}],"wp:attachment":[{"href":"https:\/\/laclefdupermis.com\/index.php\/wp-json\/wp\/v2\/media?parent=2229"}],"curies":[{"name":"wp","href":"https:\/\/api.w.org\/{rel}","templated":true}]}}